{"id":1417,"date":"2026-02-10T21:36:38","date_gmt":"2026-02-10T20:36:38","guid":{"rendered":"https:\/\/cafe-rio-lejos.com\/?page_id=1417"},"modified":"2026-03-14T18:58:09","modified_gmt":"2026-03-14T17:58:09","slug":"biodiversitat-in-der-agroforstwirtschaft","status":"publish","type":"page","link":"https:\/\/cafe-rio-lejos.com\/de\/impact\/agroforestry-biodiversity\/","title":{"rendered":"Agroforstwirtschaft &amp; Biodiversit\u00e4t"},"content":{"rendered":"<h2 class=\"wp-block-heading\">Agroforstwirtschaft \u2013 Kaffeeanbau als Teil eines Naturreservats<\/h2>\n\n\n\n<p>Auf rund f\u00fcnf Hektar der Finca la Esmeralda bauen wir unsere biologischen Spezialit\u00e4tenkaffees in Agroforstwirtschaft an. Die Kaffeeb\u00e4ume sch\u00e4tzen den leichten Schatten des Guamo Santafere\u00f1o, einer Baumart, die viele Vorteile f\u00fcr den \u00f6kologischen Landbau bietet.<\/p>\n\n\n\n<p>Agroforstwirtschaft unter stickstoffbindenden Schattenb\u00e4umen erm\u00f6glicht einen Anbau ohne Pestizide und chemische D\u00fcngemittel. \u00d6kologische Korridore und Urwaldreste bilden ein Netz um die Kaffeeplantagen, schaffen flie\u00dfende \u00dcberg\u00e4nge zwischen landwirtschaftlich genutzter Fl\u00e4che und Wald und erm\u00f6glichen Wildtieren freie Bewegung. Dadurch wird der Kaffeeanbau zum integralen Bestandteil eines intakten \u00d6kosystems und eines Naturschutzgebietes.<\/p>\n\n\n\n<h2 class=\"wp-block-heading\">Vorteile der Agroforstwirtschaft<\/h2>\n\n\n\n<p>Agroforstwirtschaft, also Landwirtschaft im Schatten von B\u00e4umen, verbessert die Bodenqualit\u00e4t, das Wassermanagement und die Widerstandsf\u00e4higkeit der Nutzpflanzen gegen Sch\u00e4dlinge und Krankheiten. B\u00e4ume f\u00f6rdern die Artenvielfalt, locken Best\u00e4uber und V\u00f6gel an und bilden eine Symbiose mit Pilzen und anderen Mikroorganismen, die N\u00e4hrstoffe im Boden f\u00fcr die Kaffeepflanzen verf\u00fcgbar machen. Ihr Bl\u00e4tterdach sch\u00fctzt vor zu starker Sonneneinstrahlung, Austrocknung der B\u00f6den und der Wucht von Starkregen. Ihre Wurzeln speichern gro\u00dfe Mengen Wasser im Untergrund, halten den Boden auch in Trockenperioden feucht und k\u00fchl und verhindern Erosion.<\/p>\n\n\n\n<p>Agroforstwirtschaft ist daher ein nat\u00fcrlicher Weg, den Auswirkungen des Klimawandels zu begegnen, da sie Anbaufl\u00e4chen und B\u00f6den vor D\u00fcrreperioden und \u00dcberschwemmungen sch\u00fctzt, die in den letzten Jahren deutlich zugenommen haben. Kaffee, der im Schatten von B\u00e4umen w\u00e4chst, dient zudem als Kohlenstoffsenke und tr\u00e4gt durch die Aufnahme gro\u00dfer Mengen CO\u2082 zum Klimaschutz bei. Kaffee eignet sich hervorragend f\u00fcr den Anbau im Schatten, da die Reifung der Kaffeekirschen verlangsamt wird, was zu dichteren Bohnen und komplexeren Aromen f\u00fchrt. Zwar k\u00f6nnen die Ertr\u00e4ge im Vergleich zu sonnenbeschienenen Monokulturen mit chemischer D\u00fcngung und Pestiziden geringer ausfallen, doch sch\u00fctzt der Anbau im Schatten B\u00f6den, Wasser und die Biodiversit\u00e4t. Dieser Ansatz priorisiert Qualit\u00e4t, Widerstandsf\u00e4higkeit und langfristiges \u00f6kologisches Gleichgewicht gegen\u00fcber maximaler kurzfristiger Produktivit\u00e4t.<\/p>\n\n\n\n<h2 class=\"wp-block-heading\">Guamo Santafere\u00f1o \u2013 der Wunderbaum im Kaffeeanbau<\/h2>\n\n\n\n<p>Kaffeeb\u00e4ume bevorzugen den leichten Schatten des schnellwachsenden Guamo Santafere\u00f1o (Inga edulis), einer Art, die viele Vorteile f\u00fcr den \u00f6kologischen Landbau bietet. Seit wir auf der Finca la Esmeralda insgesamt sechshundert zus\u00e4tzliche Guamob\u00e4ume gepflanzt haben, steigerten sich Ertrag und Qualit\u00e4t des Kaffees deutlich.<\/p>\n\n\n\n<ul class=\"wp-block-list\">\n<li>Der Guamo Santafere\u00f1o sch\u00fctzt den Kaffee auf perfekte Weise, da sein lichtes Bl\u00e4tterdach die direkte Sonneneinstrahlung verringert und trotzdem gen\u00fcgend Licht f\u00fcr eine gute Reifung und einen hohen Ertrag passieren l\u00e4sst.<\/li>\n\n\n\n<li>Mit seinen tiefreichenden Wurzeln f\u00f6rdert der Guamo N\u00e4hrstoffe aus dem fruchtbaren Vulkanboden.<\/li>\n\n\n\n<li>Als Leguminose beherbergt der Guamo-Baum in seinen Wurzeln stickstoffbindende Bakterien, die elementaren Luftstickstoff in organische Molek\u00fcle umwandeln k\u00f6nnen. Diese Molek\u00fcle nutzt der Baum f\u00fcr sein Wachstum, die Blattentwicklung und die Photosynthese. Holz und Laub der Guamos weisen einen hohen Gehalt an organischenm Stickstoff auf.<\/li>\n\n\n\n<li>Mit seinem reichlichen Abwurf an Laub und \u00c4sten produziert der schnell wachsende Guamo Santafere\u00f1o, mehr als andere Arten der Guamo-Familie, einen n\u00e4hrstoffreichen Humus, der den Kaffee auf nat\u00fcrliche Weise mit Stickstoff und organischem Material versorgt, ohne dass andere Produkte hinzugef\u00fcgt werden m\u00fcssen.<\/li>\n\n\n\n<li>Humus absorbiert viel Wasser, verz\u00f6gert das Abflie\u00dfen von Regenwasser und h\u00e4lt den Boden feucht und k\u00fchl.<\/li>\n\n\n\n<li>Der Guamo f\u00f6rdert die Artenvielfalt im Kaffeeanbau, da seine Bl\u00fcten und Fr\u00fcchte zahlreiche V\u00f6gel und Bienen anlocken, die wiederum den Kaffee best\u00e4uben.<\/li>\n<\/ul>\n\n\n\n<div style=\"height:20px\" aria-hidden=\"true\" class=\"wp-block-spacer\"><\/div>\n\n\n\n<figure class=\"wp-block-gallery has-nested-images columns-default is-cropped wp-block-gallery-1 is-layout-flex wp-block-gallery-is-layout-flex\">\n<figure class=\"wp-block-image size-large\"><img fetchpriority=\"high\" decoding=\"async\" width=\"1024\" height=\"771\" data-id=\"1472\" src=\"https:\/\/cafe-rio-lejos.com\/wp-content\/uploads\/2026\/02\/coffee-drying-1024x771.webp\" alt=\"\" class=\"wp-image-1472\" srcset=\"https:\/\/cafe-rio-lejos.com\/wp-content\/uploads\/2026\/02\/coffee-drying-1024x771.webp 1024w, https:\/\/cafe-rio-lejos.com\/wp-content\/uploads\/2026\/02\/coffee-drying-300x226.webp 300w, https:\/\/cafe-rio-lejos.com\/wp-content\/uploads\/2026\/02\/coffee-drying-768x578.webp 768w, https:\/\/cafe-rio-lejos.com\/wp-content\/uploads\/2026\/02\/coffee-drying-600x452.webp 600w, https:\/\/cafe-rio-lejos.com\/wp-content\/uploads\/2026\/02\/coffee-drying.webp 1500w\" sizes=\"(max-width: 1024px) 100vw, 1024px\" \/><\/figure>\n\n\n\n<figure class=\"wp-block-image size-large\"><img decoding=\"async\" width=\"1024\" height=\"683\" data-id=\"1471\" src=\"https:\/\/cafe-rio-lejos.com\/wp-content\/uploads\/2026\/02\/Vogel-orange-1024x683.webp\" alt=\"\" class=\"wp-image-1471\" srcset=\"https:\/\/cafe-rio-lejos.com\/wp-content\/uploads\/2026\/02\/Vogel-orange-1024x683.webp 1024w, https:\/\/cafe-rio-lejos.com\/wp-content\/uploads\/2026\/02\/Vogel-orange-300x200.webp 300w, https:\/\/cafe-rio-lejos.com\/wp-content\/uploads\/2026\/02\/Vogel-orange-768x512.webp 768w, https:\/\/cafe-rio-lejos.com\/wp-content\/uploads\/2026\/02\/Vogel-orange-600x400.webp 600w, https:\/\/cafe-rio-lejos.com\/wp-content\/uploads\/2026\/02\/Vogel-orange.webp 1500w\" sizes=\"(max-width: 1024px) 100vw, 1024px\" \/><\/figure>\n\n\n\n<figure class=\"wp-block-image size-large\"><img decoding=\"async\" width=\"600\" height=\"400\" data-id=\"1463\" src=\"https:\/\/cafe-rio-lejos.com\/wp-content\/uploads\/2026\/02\/helicornia.jpg\" alt=\"\" class=\"wp-image-1463\" srcset=\"https:\/\/cafe-rio-lejos.com\/wp-content\/uploads\/2026\/02\/helicornia.jpg 600w, https:\/\/cafe-rio-lejos.com\/wp-content\/uploads\/2026\/02\/helicornia-300x200.jpg 300w\" sizes=\"(max-width: 600px) 100vw, 600px\" \/><\/figure>\n\n\n\n<figure class=\"wp-block-image size-large\"><img loading=\"lazy\" decoding=\"async\" width=\"1024\" height=\"769\" data-id=\"1465\" src=\"https:\/\/cafe-rio-lejos.com\/wp-content\/uploads\/2026\/02\/nature-reserve-anima-la-vida-1024x769.webp\" alt=\"\" class=\"wp-image-1465\" srcset=\"https:\/\/cafe-rio-lejos.com\/wp-content\/uploads\/2026\/02\/nature-reserve-anima-la-vida-1024x769.webp 1024w, https:\/\/cafe-rio-lejos.com\/wp-content\/uploads\/2026\/02\/nature-reserve-anima-la-vida-300x225.webp 300w, https:\/\/cafe-rio-lejos.com\/wp-content\/uploads\/2026\/02\/nature-reserve-anima-la-vida-768x577.webp 768w, https:\/\/cafe-rio-lejos.com\/wp-content\/uploads\/2026\/02\/nature-reserve-anima-la-vida-600x450.webp 600w, https:\/\/cafe-rio-lejos.com\/wp-content\/uploads\/2026\/02\/nature-reserve-anima-la-vida.webp 1500w\" sizes=\"(max-width: 1024px) 100vw, 1024px\" \/><\/figure>\n\n\n\n<figure class=\"wp-block-image size-large\"><img loading=\"lazy\" decoding=\"async\" width=\"600\" height=\"400\" data-id=\"1462\" src=\"https:\/\/cafe-rio-lejos.com\/wp-content\/uploads\/2026\/02\/full-moon-pijao.jpg\" alt=\"\" class=\"wp-image-1462\" srcset=\"https:\/\/cafe-rio-lejos.com\/wp-content\/uploads\/2026\/02\/full-moon-pijao.jpg 600w, https:\/\/cafe-rio-lejos.com\/wp-content\/uploads\/2026\/02\/full-moon-pijao-300x200.jpg 300w\" sizes=\"(max-width: 600px) 100vw, 600px\" \/><\/figure>\n<\/figure>\n\n\n\n<div style=\"height:20px\" aria-hidden=\"true\" class=\"wp-block-spacer\"><\/div>\n\n\n\n<h2 class=\"wp-block-heading\" style=\"margin-top:20px\">Ein rundum \u00f6kologischer Caf\u00e9 R\u00edo Lejos<\/h2>\n\n\n\n<p>Unser Kaffee w\u00e4chst im Einklang mit der Natur. Wir verzichten auf Agrochemikalien und f\u00f6rdern stattdessen nat\u00fcrliche Prozesse wie die Bindung von Luftstickstoff durch Leguminosen. Wir lassen \u2018unproduktive\u2019 abgestorbene B\u00e4ume stehen, da sie eine wichtige Rolle in biologischen Kreisl\u00e4ufen spielen; beispielsweise leben viele einheimische Bienenarten in Totholz.<\/p>\n\n\n\n<p>Auf unserer pestizidfreien Plantage f\u00fchlen sich zahlreiche Tiere wohl. Sie finden Unterschlupf im Geb\u00fcsch, Aussichtspunkte in hohen B\u00e4umen, Nahrung in den Fr\u00fcchten, Verbindungswege zum n\u00e4chsten Wald und Ruhepl\u00e4tze auf allen Ebenen.<\/p>\n\n\n\n<p>Die rund f\u00fcnf Hektar Kaffeepflanzung liegen wie Inseln in einem Netzwerk aus Urw\u00e4ldern, Wasserl\u00e4ufen und Renaturierungsgebieten und bilden einen integralen Bestandteil eines vielf\u00e4ltigen und artenreichen \u00d6kosystems.<\/p>\n\n\n\n<p>Von der Ernte bis zur Auslieferung achten wir auf einen m\u00f6glichst geringen \u00f6kologischen Fu\u00dfabdruck. Die Ernte erfolgt manuell und schonend f\u00fcr die Pflanzen. Unsere anaerobe Fermentierung spart Wasser, und die Trocknung findet mit reiner Sonnenenergie auf dem Dach und in einem Glashaus statt. Wir r\u00f6sten und verpacken unseren Kaffee in Kolumbien, wodurch wir Umverpackungen und durch das geringere Gewicht des ger\u00f6steten Kaffees etwas Transportgewicht einsparen.<\/p>","protected":false},"excerpt":{"rendered":"<p>Agroforestry \u2013 coffee-cultivation as part of a nature reserve On around five hectares of Finca La Esmeralda we grow our organic specialty coffees within an agroforestry system. Coffee trees especially like the light shade of the Guamo Santafere\u00f1o, a tree species that has many advantages for organic agriculture. Agroforestry under nitrogen-fixing shade trees allows for [&hellip;]<\/p>\n","protected":false},"author":3,"featured_media":1471,"parent":1393,"menu_order":0,"comment_status":"closed","ping_status":"closed","template":"","meta":{"footnotes":""},"class_list":["post-1417","page","type-page","status-publish","has-post-thumbnail","hentry"],"_links":{"self":[{"href":"https:\/\/cafe-rio-lejos.com\/de\/wp-json\/wp\/v2\/pages\/1417","targetHints":{"allow":["GET"]}}],"collection":[{"href":"https:\/\/cafe-rio-lejos.com\/de\/wp-json\/wp\/v2\/pages"}],"about":[{"href":"https:\/\/cafe-rio-lejos.com\/de\/wp-json\/wp\/v2\/types\/page"}],"author":[{"embeddable":true,"href":"https:\/\/cafe-rio-lejos.com\/de\/wp-json\/wp\/v2\/users\/3"}],"replies":[{"embeddable":true,"href":"https:\/\/cafe-rio-lejos.com\/de\/wp-json\/wp\/v2\/comments?post=1417"}],"version-history":[{"count":16,"href":"https:\/\/cafe-rio-lejos.com\/de\/wp-json\/wp\/v2\/pages\/1417\/revisions"}],"predecessor-version":[{"id":2481,"href":"https:\/\/cafe-rio-lejos.com\/de\/wp-json\/wp\/v2\/pages\/1417\/revisions\/2481"}],"up":[{"embeddable":true,"href":"https:\/\/cafe-rio-lejos.com\/de\/wp-json\/wp\/v2\/pages\/1393"}],"wp:featuredmedia":[{"embeddable":true,"href":"https:\/\/cafe-rio-lejos.com\/de\/wp-json\/wp\/v2\/media\/1471"}],"wp:attachment":[{"href":"https:\/\/cafe-rio-lejos.com\/de\/wp-json\/wp\/v2\/media?parent=1417"}],"curies":[{"name":"wp","href":"https:\/\/api.w.org\/{rel}","templated":true}]}}