{"id":1419,"date":"2026-02-10T21:38:49","date_gmt":"2026-02-10T20:38:49","guid":{"rendered":"https:\/\/cafe-rio-lejos.com\/?page_id=1419"},"modified":"2026-03-14T19:01:36","modified_gmt":"2026-03-14T18:01:36","slug":"einheimische-baumschule","status":"publish","type":"page","link":"https:\/\/cafe-rio-lejos.com\/de\/impact\/native-tree-nursery\/","title":{"rendered":"Eine Baumschule f\u00fcr einheimische Spezies"},"content":{"rendered":"<h2 class=\"wp-block-heading\">W\u00e4lder aus lokalen Quellen pflanzen<\/h2>\n\n\n\n<p>Die Baumschule f\u00fcr einheimische Spezies in der Finca la Esmeralda ist ein wesentlicher Bestandteil unserer Renaturierungsma\u00dfnahmen. Wir haben sie errichtet, um die Wiederbewaldung unserer Farm voranzubringen und Renaturierungsprojekte anderer Farmen zu unterst\u00fctzen.<\/p>\n\n\n\n<p>Wir ziehen einheimische Baumarten aus Samen und Setzlingen unseres Naturschutzgebietes heran. Sie passen zum \u00d6kosystem der mittleren Anden und sind an deren H\u00f6henlage, Bodenbeschaffenheit und Klima angepasst. Daher eignen sie sich hervorragend zur Renaturierung von B\u00f6den und Lebensr\u00e4umen in der Region Quind\u00edo.<\/p>\n\n\n\n<h2 class=\"wp-block-heading\">Warum eine eigene Baumschule?<\/h2>\n\n\n\n<p>Aufforstungsprojekte werden h\u00e4ufig nur mit einer kleinen Auswahl leicht verf\u00fcgbarer, massenproduzierter Setzlinge durchgef\u00fchrt. Dies f\u00fchrt zu artenarmen W\u00e4ldern, die eher Plantagen gleichen. Es kann lange dauern, bis sich andere Spezies durch nat\u00fcrliche Prozesse wie Wind und Tierkot ansiedeln.<\/p>\n\n\n\n<p>Mit den \u00fcber 100 verschiedenen Baumarten in unserer Baumschule erm\u00f6glichen wir die \u00f6kologische Wiederherstellung, die schnell einen jungen Wald entstehen l\u00e4sst, der der urspr\u00fcnglichen Artenvielfalt eines Urwaldes nahe kommt. Von Anfang an lockt dies zahlreiche V\u00f6gel, Flederm\u00e4use und andere Tiere an, die zur Verbreitung weiterer B\u00e4ume beitragen und die die Biodiversit\u00e4t erh\u00f6hen.<\/p>\n\n\n\n<p>Mit unserer gro\u00dfen Auswahl an B\u00e4umen k\u00f6nnen wir auf spezifische Bed\u00fcrfnisse eingehen:<\/p>\n\n\n\n<ul class=\"wp-block-list\">\n<li>Wiederherstellung degradierter B\u00f6den mit stickstoffbindenden Leguminosen,<\/li>\n\n\n\n<li>Verdr\u00e4ngung von aggressivem, schnell wachsendem Unkraut,<\/li>\n\n\n\n<li>Auflockerung von durch Rinderbeweidung verdichtetem Boden,<\/li>\n\n\n\n<li>Schutz von Wasserl\u00e4ufen,<\/li>\n\n\n\n<li>Verbindung von Waldfragmenten durch \u00f6kologische Korridore,<\/li>\n\n\n\n<li>Bodenschutz an erosionsgef\u00e4hrdeten H\u00e4ngen,<\/li>\n\n\n\n<li>Einf\u00fchrung von Agroforstwirtschaft,<\/li>\n\n\n\n<li>Anlocken von V\u00f6geln und anderen Tieren.<\/li>\n<\/ul>\n\n\n\n<p>F\u00fcr jede dieser Funktionen stehen uns mehrere Arten zur Verf\u00fcgung, die nat\u00fcrliche Regenerationsprozesse unterst\u00fctzen.<\/p>\n\n\n\n<h2 class=\"wp-block-heading\">Vom Wald zur Baumschule und wieder zur\u00fcck<\/h2>\n\n\n\n<p>Das Leben jedes Baumes beginnt in den umliegenden W\u00e4ldern. Wir sammeln Samen und Jungpflanzen in Prim\u00e4rw\u00e4ldern und Regenerationsfl\u00e4chen des Reservats sowie in Farmen und W\u00e4ldern der Region. Befreundete Biologen helfen uns bei der Bestimmung, Auswahl und Pflege.<\/p>\n\n\n\n<p>In der Baumschule wachsen die Setzlinge langsam und sorgf\u00e4ltig heran, bis sie kr\u00e4ftig genug sind, um in Regenerationsfl\u00e4chen gepflanzt zu werden. Dieser Prozess hilft den jungen B\u00e4umen, sich allm\u00e4hlich anzupassen und erh\u00f6ht ihre \u00dcberlebenschancen und die M\u00f6glichkeit, einen neuen Wald zu bilden.<\/p>\n\n\n\n<p>Feldbeobachtungen und Experten zeigen uns, welche Arten an einem bestimmten Standort besser gedeihen, sodass die Wiederaufforstungen optimiert werden k\u00f6nnen. Auf diese Weise bildet die Baumschule eine Br\u00fccke zwischen bestehenden Wald\u00f6kosystemen und Gebieten im Wiederaufbau. Sie w\u00e4chst mit dem Wald zusammen und passt sich den Gegebenheiten an.<\/p>\n\n\n\n<h2 class=\"wp-block-heading\">Wissensaustausch \u00fcber die Farm hinaus<\/h2>\n\n\n\n<p>Die Baumschule unterst\u00fctzt die Renaturierung \u00fcber Finca la Esmeralda hinaus. In Zusammenarbeit mit lokalen Partnern teilen wir Erfahrungen, Pflanzgut und praktisches Wissen, das wir in jahrelanger Regenerationsabeit gesammelt haben.<\/p>\n\n\n\n<p>Dies hilft anderen Landbesitzern, degradierte Fl\u00e4chen wiederherzustellen, an die lokalen Gegebenheiten angepasste Agroforstwirtschaft einzuf\u00fchren und Naturr\u00e4ume wiederherzustellen.<\/p>\n\n\n\n<p>Jeder hier gez\u00fcchtete Baum tr\u00e4gt somit lokales Wissen \u00fcber Boden, Klima und \u00d6kologie in sich und wird Teil eines langfristigen Engagements f\u00fcr lebendige Landschaften.<\/p>\n\n\n\n<p><\/p>","protected":false},"excerpt":{"rendered":"<p>Growing forests from local roots The native tree nursery at Caf\u00e9 R\u00edo Lejos is an integral part of our restoration effort. We built it up to support forest regeneration on our farm and to contribute to wider renaturation efforts in the region. We focus on native tree species grown from seeds and seedlings from our [&hellip;]<\/p>\n","protected":false},"author":3,"featured_media":1475,"parent":1393,"menu_order":0,"comment_status":"closed","ping_status":"closed","template":"","meta":{"footnotes":""},"class_list":["post-1419","page","type-page","status-publish","has-post-thumbnail","hentry"],"_links":{"self":[{"href":"https:\/\/cafe-rio-lejos.com\/de\/wp-json\/wp\/v2\/pages\/1419","targetHints":{"allow":["GET"]}}],"collection":[{"href":"https:\/\/cafe-rio-lejos.com\/de\/wp-json\/wp\/v2\/pages"}],"about":[{"href":"https:\/\/cafe-rio-lejos.com\/de\/wp-json\/wp\/v2\/types\/page"}],"author":[{"embeddable":true,"href":"https:\/\/cafe-rio-lejos.com\/de\/wp-json\/wp\/v2\/users\/3"}],"replies":[{"embeddable":true,"href":"https:\/\/cafe-rio-lejos.com\/de\/wp-json\/wp\/v2\/comments?post=1419"}],"version-history":[{"count":31,"href":"https:\/\/cafe-rio-lejos.com\/de\/wp-json\/wp\/v2\/pages\/1419\/revisions"}],"predecessor-version":[{"id":2558,"href":"https:\/\/cafe-rio-lejos.com\/de\/wp-json\/wp\/v2\/pages\/1419\/revisions\/2558"}],"up":[{"embeddable":true,"href":"https:\/\/cafe-rio-lejos.com\/de\/wp-json\/wp\/v2\/pages\/1393"}],"wp:featuredmedia":[{"embeddable":true,"href":"https:\/\/cafe-rio-lejos.com\/de\/wp-json\/wp\/v2\/media\/1475"}],"wp:attachment":[{"href":"https:\/\/cafe-rio-lejos.com\/de\/wp-json\/wp\/v2\/media?parent=1419"}],"curies":[{"name":"wp","href":"https:\/\/api.w.org\/{rel}","templated":true}]}}