{"id":1423,"date":"2026-02-10T21:42:48","date_gmt":"2026-02-10T20:42:48","guid":{"rendered":"https:\/\/cafe-rio-lejos.com\/?page_id=1423"},"modified":"2026-03-14T18:59:25","modified_gmt":"2026-03-14T17:59:25","slug":"direkter-handel-mit-gemeinschaftsprodukten","status":"publish","type":"page","link":"https:\/\/cafe-rio-lejos.com\/de\/impact\/community-direct-trade\/","title":{"rendered":"Gemeinschaft &amp; Direkthandel"},"content":{"rendered":"<h2 class=\"wp-block-heading\">Direkthandel als langfristige Beziehung<\/h2>\n\n\n\n<p>Wir haben eine verl\u00e4ssliche Lieferkette f\u00fcr Direkthandel aufgebaut, vom Setzling auf der Farm bis zur Tasse Kaffee in Ihrer Hand. Wir \u00fcbernehmen Verantwortung und sind stolz darauf, Ihnen ein reines Naturprodukt anzubieten, das durch viele verantwortungsvolle H\u00e4nde gegangen ist, bis es schlie\u00dflich seinen Bestimmungsort erreicht.<\/p>\n\n\n\n<p>Direkthandel und t\u00e4glicher Konsum bieten den Bauern und Verarbeitern von Caf\u00e9 R\u00edo Lejos ein verl\u00e4ssliches Einkommen und eine stabile Perspektive. Dar\u00fcber hinaus erm\u00f6glicht er uns, regenerative Landwirtschaft zu betreiben, wiederaufzuforsten und das Naturschutzgebiet zu erhalten und auszuweiten. So vereint der Direkthandel wirtschaftliche Tragf\u00e4higkeit und \u00f6kologische Verantwortung.<\/p>\n\n\n\n<p>Spezialit\u00e4tenkaffee ist weniger abh\u00e4ngig von schwankenden Weltmarktpreisen und kurzfristigen Rabattaktionen. Indem wir Kaffee direkt an Sie verkaufen, gew\u00e4hrleisten wir Transparenz und Verantwortlichkeit im gesamten Prozess \u2013 vom Anbau \u00fcber die Verarbeitung bis hin zur R\u00f6stung und Lieferung. Dieser Direktvertrieb verbindet Produzenten und Konsumenten und macht teure Zwischenh\u00e4ndler, Lagerhaltung, Werbung und Verwaltung \u00fcberfl\u00fcssig.<\/p>\n\n\n\n<h2 class=\"wp-block-heading\">Ihre Wahl von Caf\u00e9 R\u00edo Lejos unterst\u00fctzt unsere Mission<\/h2>\n\n\n\n<p>Wir bieten Ihnen einen exquisiten Spezialit\u00e4tenkaffee von einer einzigen Finca zu einem erschwinglichen Preis. Die Einnahmen flie\u00dfen direkt in faire L\u00f6hne und sichere Arbeitspl\u00e4tze, verbesserten Kaffeeanbau sowie Waldschutz- und Wiederaufforstung.<\/p>\n\n\n\n<p>Wir verzichten auf teure und b\u00fcrokratische Zertifizierungen. Stattdessen setzen wir auf Transparenz, direkte Kommunikation und langfristiges Engagement f\u00fcr das Land und die beteiligten Menschen.<\/p>\n\n\n\n<h2 class=\"wp-block-heading\">Unterst\u00fctzung anderer Farmen<\/h2>\n\n\n\n<p>Die Gemeinschaft im Caf\u00e9 R\u00edo Lejos reicht \u00fcber unsere eigene Farm hinaus. Durch die Zusammenarbeit mit anderen Farmen und Partnern teilen wir Erfahrungen, Pflanzgut und praktisches Wissen, das wir in jahrelanger Regenerationsarbeit gesammelt haben.<\/p>\n\n\n\n<p>Dieser Austausch unterst\u00fctzt andere Landwirte bei der Wiederherstellung degradierter Fl\u00e4chen und dem \u00dcbergang zu Agroforstwirtschaft, Er reduziert die Abh\u00e4ngigkeit von umweltsch\u00e4dlichen Agrarprodukten. Die St\u00e4rkung lokaler Netzwerke ist relevant f\u00fcr die Erholung ganzer Landschaften.<\/p>","protected":false},"excerpt":{"rendered":"<p>Direct trade as a long-term relationship We have built up a reliable chain of direct trade, starting with the seedling on the farm until the cup of coffee in your hand. We take responsibility and pride in offering you a clean, natural product that passed many hands collaborating in a responsible way until it reaches [&hellip;]<\/p>\n","protected":false},"author":3,"featured_media":1473,"parent":1393,"menu_order":0,"comment_status":"closed","ping_status":"closed","template":"","meta":{"footnotes":""},"class_list":["post-1423","page","type-page","status-publish","has-post-thumbnail","hentry"],"_links":{"self":[{"href":"https:\/\/cafe-rio-lejos.com\/de\/wp-json\/wp\/v2\/pages\/1423","targetHints":{"allow":["GET"]}}],"collection":[{"href":"https:\/\/cafe-rio-lejos.com\/de\/wp-json\/wp\/v2\/pages"}],"about":[{"href":"https:\/\/cafe-rio-lejos.com\/de\/wp-json\/wp\/v2\/types\/page"}],"author":[{"embeddable":true,"href":"https:\/\/cafe-rio-lejos.com\/de\/wp-json\/wp\/v2\/users\/3"}],"replies":[{"embeddable":true,"href":"https:\/\/cafe-rio-lejos.com\/de\/wp-json\/wp\/v2\/comments?post=1423"}],"version-history":[{"count":12,"href":"https:\/\/cafe-rio-lejos.com\/de\/wp-json\/wp\/v2\/pages\/1423\/revisions"}],"predecessor-version":[{"id":2502,"href":"https:\/\/cafe-rio-lejos.com\/de\/wp-json\/wp\/v2\/pages\/1423\/revisions\/2502"}],"up":[{"embeddable":true,"href":"https:\/\/cafe-rio-lejos.com\/de\/wp-json\/wp\/v2\/pages\/1393"}],"wp:featuredmedia":[{"embeddable":true,"href":"https:\/\/cafe-rio-lejos.com\/de\/wp-json\/wp\/v2\/media\/1473"}],"wp:attachment":[{"href":"https:\/\/cafe-rio-lejos.com\/de\/wp-json\/wp\/v2\/media?parent=1423"}],"curies":[{"name":"wp","href":"https:\/\/api.w.org\/{rel}","templated":true}]}}