{"id":1913,"date":"2026-03-05T14:47:21","date_gmt":"2026-03-05T13:47:21","guid":{"rendered":"https:\/\/cafe-rio-lejos.com\/?page_id=1913"},"modified":"2026-03-08T03:15:05","modified_gmt":"2026-03-08T02:15:05","slug":"impressum","status":"publish","type":"page","link":"https:\/\/cafe-rio-lejos.com\/de\/legal\/impressum\/","title":{"rendered":"Impressum"},"content":{"rendered":"<p>Angaben gem\u00e4\u00df \u00a7 5 TMG<\/p>\n\n\n\n<p>Cafe Rio Lejos Deutschland<br>Dr. Marianne Rosiny<br>Hohenhewenstr. 85<br>78224 Singen<br>Deutschland<\/p>\n\n\n\n<p>Kontakt<\/p>\n\n\n\n<p>E-Mail: <a>info@cafe-rio-lejos.com<\/a><br>Webseite: <a href=\"https:\/\/cafe-rio-lejos.com\/de\/\">https:\/\/cafe-rio-lejos.com<\/a><\/p>\n\n\n\n<p>Verantwortlich f\u00fcr den Inhalt gem\u00e4\u00df \u00a7 55 Abs. 2 RStV<\/p>\n\n\n\n<p>Dr. Marianne Rosiny<br>Hohenhewenstr. 85<br>78224 Singen<br>Deutschland<\/p>\n\n\n\n<h2 class=\"wp-block-heading\">Haftung f\u00fcr Inhalte<\/h2>\n\n\n\n<p>Die Inhalte unserer Seiten wurden mit gr\u00f6\u00dfter Sorgfalt erstellt. Dennoch k\u00f6nnen wir keine Gew\u00e4hr f\u00fcr die Richtigkeit, Vollst\u00e4ndigkeit oder Aktualit\u00e4t der Inhalte \u00fcbernehmen.<\/p>\n\n\n\n<p>Als Diensteanbieter sind wir gem\u00e4\u00df \u00a7 7 Abs. 1 TMG f\u00fcr unsere eigenen Inhalte auf diesen Seiten nach den allgemeinen Gesetzen verantwortlich. Nach \u00a7\u00a7 8 bis 10 TMG sind wir jedoch nicht verpflichtet, \u00fcbermittelte oder gespeicherte fremde Informationen zu \u00fcberwachen oder nach Umst\u00e4nden zu forschen, die auf eine rechtswidrige T\u00e4tigkeit hinweisen.<\/p>\n\n\n\n<p>Die Verpflichtungen zur Entfernung oder Sperrung der Nutzung von Informationen nach den allgemeinen Gesetzen bleiben unber\u00fchrt. Eine Haftung in diesem Zusammenhang ist jedoch erst ab dem Zeitpunkt der Kenntnis einer konkreten Rechtsverletzung m\u00f6glich. Sobald wir von solchen Verst\u00f6\u00dfen Kenntnis erlangen, werden wir die betreffenden Inhalte unverz\u00fcglich entfernen.<\/p>\n\n\n\n<h2 class=\"wp-block-heading\">Haftung f\u00fcr Links<\/h2>\n\n\n\n<p>Unsere Website enth\u00e4lt Links zu externen Websites Dritter, auf deren Inhalte wir keinen Einfluss haben. Daher k\u00f6nnen wir f\u00fcr diese externen Inhalte keine Haftung \u00fcbernehmen.<\/p>\n\n\n\n<p>F\u00fcr den Inhalt der verlinkten Seiten ist stets der jeweilige Anbieter oder Betreiber verantwortlich. Die verlinkten Seiten wurden zum Zeitpunkt der Verlinkung auf m\u00f6gliche Rechtsverst\u00f6\u00dfe \u00fcberpr\u00fcft. Rechtswidrige Inhalte waren zu diesem Zeitpunkt nicht erkennbar.<\/p>\n\n\n\n<p>Eine permanente \u00dcberwachung der Inhalte verlinkter Seiten ist ohne konkrete Anhaltspunkte f\u00fcr einen Rechtsversto\u00df nicht zumutbar. Sollten wir Kenntnis von Rechtsverst\u00f6\u00dfen erlangen, werden wir die entsprechenden Links umgehend entfernen.<\/p>\n\n\n\n<h2 class=\"wp-block-heading\">Copyright<\/h2>\n\n\n\n<p>Die von den Seitenbetreibern auf diesen Seiten erstellten Inhalte und Werke unterliegen dem deutschen Urheberrecht.<\/p>\n\n\n\n<p>Vervielf\u00e4ltigung, Bearbeitung, Verbreitung und jede Art der Nutzung au\u00dferhalb der Grenzen des Urheberrechts bed\u00fcrfen der schriftlichen Zustimmung des jeweiligen Autors oder Urhebers.<\/p>\n\n\n\n<p>Das Herunterladen und Kopieren dieser Website ist nur f\u00fcr den privaten, nicht kommerziellen Gebrauch gestattet.<\/p>\n\n\n\n<p>Soweit die Inhalte dieser Website nicht vom Betreiber erstellt wurden, werden die Urheberrechte Dritter beachtet. Inhalte Dritter werden als solche gekennzeichnet.<\/p>\n\n\n\n<p>Sollten Sie dennoch eine Urheberrechtsverletzung feststellen, bitten wir Sie, uns dies mitzuteilen. Sobald wir von Rechtsverst\u00f6\u00dfen Kenntnis erlangen, werden wir die entsprechenden Inhalte umgehend entfernen.<\/p>","protected":false},"excerpt":{"rendered":"<p>Information according to \u00a75 TMG Cafe Rio Lejos DeutschlandDr. Marianne RosinyHohenhewenstr. 8578224 SingenGermany Contact Email: info@cafe-rio-lejos.comWebsite: https:\/\/cafe-rio-lejos.com Responsible for content according to \u00a755 Abs. 2 RStV Dr. Marianne RosinyHohenhewenstr. 8578224 SingenGermany Liability for Content The contents of our pages have been created with the greatest care. However, we cannot guarantee the accuracy, completeness or timeliness [&hellip;]<\/p>\n","protected":false},"author":2,"featured_media":0,"parent":113,"menu_order":0,"comment_status":"closed","ping_status":"closed","template":"","meta":{"footnotes":""},"class_list":["post-1913","page","type-page","status-publish","hentry"],"_links":{"self":[{"href":"https:\/\/cafe-rio-lejos.com\/de\/wp-json\/wp\/v2\/pages\/1913","targetHints":{"allow":["GET"]}}],"collection":[{"href":"https:\/\/cafe-rio-lejos.com\/de\/wp-json\/wp\/v2\/pages"}],"about":[{"href":"https:\/\/cafe-rio-lejos.com\/de\/wp-json\/wp\/v2\/types\/page"}],"author":[{"embeddable":true,"href":"https:\/\/cafe-rio-lejos.com\/de\/wp-json\/wp\/v2\/users\/2"}],"replies":[{"embeddable":true,"href":"https:\/\/cafe-rio-lejos.com\/de\/wp-json\/wp\/v2\/comments?post=1913"}],"version-history":[{"count":1,"href":"https:\/\/cafe-rio-lejos.com\/de\/wp-json\/wp\/v2\/pages\/1913\/revisions"}],"predecessor-version":[{"id":1914,"href":"https:\/\/cafe-rio-lejos.com\/de\/wp-json\/wp\/v2\/pages\/1913\/revisions\/1914"}],"up":[{"embeddable":true,"href":"https:\/\/cafe-rio-lejos.com\/de\/wp-json\/wp\/v2\/pages\/113"}],"wp:attachment":[{"href":"https:\/\/cafe-rio-lejos.com\/de\/wp-json\/wp\/v2\/media?parent=1913"}],"curies":[{"name":"wp","href":"https:\/\/api.w.org\/{rel}","templated":true}]}}