{"id":1915,"date":"2026-03-05T14:52:08","date_gmt":"2026-03-05T13:52:08","guid":{"rendered":"https:\/\/cafe-rio-lejos.com\/?page_id=1915"},"modified":"2026-03-08T03:44:34","modified_gmt":"2026-03-08T02:44:34","slug":"rucknahmerichtlinie","status":"publish","type":"page","link":"https:\/\/cafe-rio-lejos.com\/de\/legal\/withdrawal-policy\/","title":{"rendered":"Auszahlungsrichtlinie"},"content":{"rendered":"<h2 class=\"wp-block-heading\">Widerrufsrecht<\/h2>\n\n\n\n<p>Verbraucher haben das Recht, innerhalb von vierzehn Tagen ohne Angabe von Gr\u00fcnden von diesem Vertrag zur\u00fcckzutreten.<\/p>\n\n\n\n<p>Die Widerrufsfrist betr\u00e4gt vierzehn Tage ab dem Tag, an dem Sie oder ein von Ihnen benannter Dritter, der nicht der Bef\u00f6rderer ist, die Ware in Besitz genommen haben.<\/p>\n\n\n\n<p>Um Ihr Widerrufsrecht auszu\u00fcben, m\u00fcssen Sie uns Folgendes mitteilen:<\/p>\n\n\n\n<p>Cafe Rio Lejos Deutschland<br>Dr. Marianne Rosiny<br>Hohenhewenstr. 85<br>78224 Singen<br>Deutschland<\/p>\n\n\n\n<p>E-Mail: <a>info@cafe-rio-lejos.com<\/a><\/p>\n\n\n\n<p>Sie k\u00f6nnen Ihren Entschluss, diesen Vertrag zu widerrufen, durch eine eindeutige Erkl\u00e4rung (z. B. per E-Mail oder Brief) mitteilen. Sie k\u00f6nnen daf\u00fcr das untenstehende Muster-Widerrufsformular verwenden, dies ist jedoch nicht verpflichtend.<\/p>\n\n\n\n<p>Zur Wahrung der Widerrufsfrist gen\u00fcgt es, wenn Sie Ihre Mitteilung \u00fcber die Aus\u00fcbung Ihres Widerrufsrechts vor Ablauf der Widerrufsfrist absenden.<\/p>\n\n\n\n<h2 class=\"wp-block-heading\">Auswirkungen des Entzugs<\/h2>\n\n\n\n<p>Wenn Sie diesen Vertrag widerrufen, erstatten wir Ihnen alle von Ihnen erhaltenen Zahlungen, einschlie\u00dflich der Lieferkosten (mit Ausnahme der zus\u00e4tzlichen Kosten, die sich daraus ergeben, dass Sie eine andere als die von uns angebotene, g\u00fcnstigste Standardlieferung gew\u00e4hlt haben), unverz\u00fcglich und sp\u00e4testens binnen vierzehn Tagen ab dem Tag, an dem wir \u00fcber Ihren Widerruf dieses Vertrags informiert wurden.<\/p>\n\n\n\n<p>Die R\u00fcckerstattung erfolgt \u00fcber dasselbe Zahlungsmittel, das Sie f\u00fcr die urspr\u00fcngliche Transaktion verwendet haben (in der Regel Bank\u00fcberweisung), es sei denn, Sie haben ausdr\u00fccklich etwas anderes vereinbart. In jedem Fall fallen f\u00fcr Sie durch die R\u00fcckerstattung keine Geb\u00fchren an.<\/p>\n\n\n\n<p>Wir behalten uns das Recht vor, die R\u00fcckerstattung zur\u00fcckzuhalten, bis wir die Ware zur\u00fcckerhalten haben oder bis Sie uns einen Nachweis \u00fcber die R\u00fccksendung der Ware erbracht haben, je nachdem, welches Ereignis zuerst eintritt.<\/p>\n\n\n\n<p>Sie m\u00fcssen die Ware unverz\u00fcglich und in jedem Fall sp\u00e4testens innerhalb von vierzehn Tagen ab dem Tag, an dem Sie uns Ihren Widerruf dieses Vertrags mitteilen, an uns zur\u00fccksenden oder \u00fcbergeben.<\/p>\n\n\n\n<p>Die Frist ist gewahrt, wenn Sie die Ware vor Ablauf der Frist von vierzehn Tagen zur\u00fccksenden.<\/p>\n\n\n\n<p>Sie tragen die direkten Kosten der R\u00fccksendung der Ware.<\/p>\n\n\n\n<h2 class=\"wp-block-heading\">Ausnahmen vom Widerrufsrecht<\/h2>\n\n\n\n<p>Das Widerrufsrecht besteht nicht bzw. erlischt vorzeitig bei Vertr\u00e4gen \u00fcber die Lieferung versiegelter Waren, die aus Gr\u00fcnden des Gesundheitsschutzes oder der Hygiene nicht zur R\u00fccksendung geeignet sind, wenn ihre Versiegelung nach der Lieferung entfernt wurde.<\/p>\n\n\n\n<h2 class=\"wp-block-heading\">Muster-Auszahlungsformular<\/h2>\n\n\n\n<p>Wenn Sie vom Vertrag zur\u00fccktreten m\u00f6chten, f\u00fcllen Sie bitte dieses Formular aus und senden Sie es zur\u00fcck.<\/p>\n\n\n\n<p>Zu:<br>Cafe Rio Lejos Deutschland<br>Dr. Marianne Rosiny<br>Hohenhewenstr. 85<br>78224 Singen<br>Deutschland<\/p>\n\n\n\n<p>E-Mail: <a>info@cafe-rio-lejos.com<\/a><\/p>\n\n\n\n<p>Hiermit widerrufe(n) ich\/wir den von mir\/uns abgeschlossenen Vertrag \u00fcber den Kauf der folgenden Waren:<\/p>\n\n\n\n<p>Bestellt am \/ erhalten am:<\/p>\n\n\n\n<p>Name des\/der Verbraucher(s):<\/p>\n\n\n\n<p>Adresse des\/der Verbraucher(s):<\/p>\n\n\n\n<p>Unterschrift des\/der Verbraucher(s) (nur wenn dieses Formular in Papierform eingereicht wird):<\/p>\n\n\n\n<p>Datum:<\/p>","protected":false},"excerpt":{"rendered":"<p>Right of Withdrawal Consumers have the right to withdraw from this contract within fourteen days without giving any reason. The withdrawal period is fourteen days from the day on which you, or a third party named by you who is not the carrier, have taken possession of the goods. To exercise your right of withdrawal, [&hellip;]<\/p>\n","protected":false},"author":2,"featured_media":0,"parent":113,"menu_order":0,"comment_status":"closed","ping_status":"closed","template":"","meta":{"footnotes":""},"class_list":["post-1915","page","type-page","status-publish","hentry"],"_links":{"self":[{"href":"https:\/\/cafe-rio-lejos.com\/de\/wp-json\/wp\/v2\/pages\/1915","targetHints":{"allow":["GET"]}}],"collection":[{"href":"https:\/\/cafe-rio-lejos.com\/de\/wp-json\/wp\/v2\/pages"}],"about":[{"href":"https:\/\/cafe-rio-lejos.com\/de\/wp-json\/wp\/v2\/types\/page"}],"author":[{"embeddable":true,"href":"https:\/\/cafe-rio-lejos.com\/de\/wp-json\/wp\/v2\/users\/2"}],"replies":[{"embeddable":true,"href":"https:\/\/cafe-rio-lejos.com\/de\/wp-json\/wp\/v2\/comments?post=1915"}],"version-history":[{"count":1,"href":"https:\/\/cafe-rio-lejos.com\/de\/wp-json\/wp\/v2\/pages\/1915\/revisions"}],"predecessor-version":[{"id":1916,"href":"https:\/\/cafe-rio-lejos.com\/de\/wp-json\/wp\/v2\/pages\/1915\/revisions\/1916"}],"up":[{"embeddable":true,"href":"https:\/\/cafe-rio-lejos.com\/de\/wp-json\/wp\/v2\/pages\/113"}],"wp:attachment":[{"href":"https:\/\/cafe-rio-lejos.com\/de\/wp-json\/wp\/v2\/media?parent=1915"}],"curies":[{"name":"wp","href":"https:\/\/api.w.org\/{rel}","templated":true}]}}