{"id":2035,"date":"2026-03-05T21:58:41","date_gmt":"2026-03-05T20:58:41","guid":{"rendered":"https:\/\/cafe-rio-lejos.com\/?page_id=2035"},"modified":"2026-03-14T19:00:57","modified_gmt":"2026-03-14T18:00:57","slug":"erweiterung-unserer-erfahrung","status":"publish","type":"page","link":"https:\/\/cafe-rio-lejos.com\/de\/impact\/expanding-our-experience\/","title":{"rendered":"Erweiterung unserer Erfahrung"},"content":{"rendered":"<div data-elementor-type=\"wp-page\" data-elementor-id=\"2035\" class=\"elementor elementor-2035\" data-elementor-post-type=\"page\">\n\t\t\t\t<div class=\"elementor-element elementor-element-4a0a8ae e-flex e-con-boxed e-con e-parent\" data-id=\"4a0a8ae\" data-element_type=\"container\" data-e-type=\"container\">\n\t\t\t\t\t<div class=\"e-con-inner\">\n\t\t\t\t<div class=\"elementor-element elementor-element-63c08750 elementor-widget elementor-widget-text-editor\" data-id=\"63c08750\" data-element_type=\"widget\" data-e-type=\"widget\" data-widget_type=\"text-editor.default\">\n\t\t\t\t\t\t\t\t\t<p><\/p>\n<h2 class=\"wp-block-heading\">Einf\u00fchrung der Agroforstwirtschaft<\/h2>\n<p><\/p>\n<p>In Teilen der kolumbianischen Anden wird Kaffee in voller Sonne angebaut. Dies kann zwar kurzfristig die Ertr\u00e4ge steigern, f\u00fchrt aber h\u00e4ufig zu Bodendegradierung, Erosion und einer wachsenden Abh\u00e4ngigkeit von chemischen D\u00fcngemitteln und Pestiziden.<\/p>\n<p><\/p>\n<p>Wie unsere Farm erfolgreich demonstriert, bietet Agroforstwirtschaft einen alternativen Ansatz. Durch den Anbau von Kaffee im Schatten von B\u00e4umen bleiben die B\u00f6den gesch\u00fctzt, die Feuchtigkeit wird erhalten und extreme Temperaturen werden ausgeglichen. So entstehen Bedingungen, unter denen die Kaffeepflanzen vor Krankheiten gesch\u00fctzt sind und ohne intensive externe Eingriffe produktiv bleiben.<\/p>\n<p><\/p>\n<p>Wir demonstrieren dieses erfolgreiche Modell anderen Landwirten, die unser Anbaugebiet besuchen. Unsere Baumschule bietet ihnen zahlreiche Schattenb\u00e4ume.<\/p>\n<p><\/p>\n<h2 class=\"wp-block-heading\">Erweiterung des Naturresevats<\/h2>\n<p><\/p>\n<p>Im Jahr 2025 erweiterten wir unser Naturschutzgebiet durch den Erwerb einer benachbarten Farm. Finca El Porvenir umfasst vier Hektar teils erodiertes Weideland und drei Hektar unber\u00fchrten Dschungel. Die Farm grenzt an unser Naturschutzgebiet \u00c1nima la Vida und an das Naturschutzgebiet Bellavista.<\/p>\n<p><\/p>\n<p>Wir renaturieren derzeit die Weidefl\u00e4chen und pflanzen einheimische Wald- und Obstb\u00e4ume. Es gibt viele interessante einheimische Baumarten, deren Samen und Setzlinge wir verwenden, um die Vielfalt in unserer Baumschule zu erweitern. Die Farm liegt abgeschieden in den Bergen und ist nur zu Fu\u00df erreichbar \u2013 ideal f\u00fcr Besucher, die Ruhe und Einsamkeit suchen.<\/p>\n<p><\/p>\t\t\t\t\t\t\t\t<\/div>\n\t\t\t\t\t<\/div>\n\t\t\t\t<\/div>\n\t\t\t\t<\/div>","protected":false},"excerpt":{"rendered":"<p>Introducing agroforestry In many parts of the Colombian Andes, coffee has been increasingly cultivated in full sun. While this can increase short-term yields, it often leads to soil degradation, erosion and a growing dependence on chemical fertilisers and pesticides. As our farm successfully demonstrates, agroforestry offers a different approach. By growing coffee under shade trees, [&hellip;]<\/p>\n","protected":false},"author":3,"featured_media":1818,"parent":1393,"menu_order":0,"comment_status":"closed","ping_status":"closed","template":"","meta":{"footnotes":""},"class_list":["post-2035","page","type-page","status-publish","has-post-thumbnail","hentry"],"_links":{"self":[{"href":"https:\/\/cafe-rio-lejos.com\/de\/wp-json\/wp\/v2\/pages\/2035","targetHints":{"allow":["GET"]}}],"collection":[{"href":"https:\/\/cafe-rio-lejos.com\/de\/wp-json\/wp\/v2\/pages"}],"about":[{"href":"https:\/\/cafe-rio-lejos.com\/de\/wp-json\/wp\/v2\/types\/page"}],"author":[{"embeddable":true,"href":"https:\/\/cafe-rio-lejos.com\/de\/wp-json\/wp\/v2\/users\/3"}],"replies":[{"embeddable":true,"href":"https:\/\/cafe-rio-lejos.com\/de\/wp-json\/wp\/v2\/comments?post=2035"}],"version-history":[{"count":6,"href":"https:\/\/cafe-rio-lejos.com\/de\/wp-json\/wp\/v2\/pages\/2035\/revisions"}],"predecessor-version":[{"id":2507,"href":"https:\/\/cafe-rio-lejos.com\/de\/wp-json\/wp\/v2\/pages\/2035\/revisions\/2507"}],"up":[{"embeddable":true,"href":"https:\/\/cafe-rio-lejos.com\/de\/wp-json\/wp\/v2\/pages\/1393"}],"wp:featuredmedia":[{"embeddable":true,"href":"https:\/\/cafe-rio-lejos.com\/de\/wp-json\/wp\/v2\/media\/1818"}],"wp:attachment":[{"href":"https:\/\/cafe-rio-lejos.com\/de\/wp-json\/wp\/v2\/media?parent=2035"}],"curies":[{"name":"wp","href":"https:\/\/api.w.org\/{rel}","templated":true}]}}