{"id":255,"date":"2025-12-22T15:57:41","date_gmt":"2025-12-22T14:57:41","guid":{"rendered":"https:\/\/cafe-rio-lejos.com\/producto\/espresso-forte\/"},"modified":"2026-03-10T23:05:00","modified_gmt":"2026-03-10T22:05:00","slug":"forte-light-roast","status":"publish","type":"product","link":"https:\/\/cafe-rio-lejos.com\/de\/product\/forte-light-roast\/","title":{"rendered":"Forte \u00b7 Light Roast"},"content":{"rendered":"<p>S\u00fc\u00dfe Karamell- und Nussnoten mit einer sanften Zitrusfrische. Klar, vielseitig und elegant, mit Struktur ohne Schwere. Schmeckt sowohl pur als auch mit Milch hervorragend.<\/p>","protected":false},"excerpt":{"rendered":"<p>Ausgewogener, hell ger\u00f6steter Espresso mit S\u00fc\u00dfe und Klarheit.<\/p>","protected":false},"featured_media":295,"template":"","meta":[],"product_brand":[],"product_cat":[33],"product_tag":[],"class_list":{"0":"post-255","1":"product","2":"type-product","3":"status-publish","4":"has-post-thumbnail","6":"product_cat-semi-lavado","8":"first","9":"instock","10":"shipping-taxable","11":"purchasable","12":"product-type-simple"},"_links":{"self":[{"href":"https:\/\/cafe-rio-lejos.com\/de\/wp-json\/wp\/v2\/product\/255","targetHints":{"allow":["GET"]}}],"collection":[{"href":"https:\/\/cafe-rio-lejos.com\/de\/wp-json\/wp\/v2\/product"}],"about":[{"href":"https:\/\/cafe-rio-lejos.com\/de\/wp-json\/wp\/v2\/types\/product"}],"version-history":[{"count":2,"href":"https:\/\/cafe-rio-lejos.com\/de\/wp-json\/wp\/v2\/product\/255\/revisions"}],"predecessor-version":[{"id":1265,"href":"https:\/\/cafe-rio-lejos.com\/de\/wp-json\/wp\/v2\/product\/255\/revisions\/1265"}],"wp:featuredmedia":[{"embeddable":true,"href":"https:\/\/cafe-rio-lejos.com\/de\/wp-json\/wp\/v2\/media\/295"}],"wp:attachment":[{"href":"https:\/\/cafe-rio-lejos.com\/de\/wp-json\/wp\/v2\/media?parent=255"}],"wp:term":[{"taxonomy":"product_brand","embeddable":true,"href":"https:\/\/cafe-rio-lejos.com\/de\/wp-json\/wp\/v2\/product_brand?post=255"},{"taxonomy":"product_cat","embeddable":true,"href":"https:\/\/cafe-rio-lejos.com\/de\/wp-json\/wp\/v2\/product_cat?post=255"},{"taxonomy":"product_tag","embeddable":true,"href":"https:\/\/cafe-rio-lejos.com\/de\/wp-json\/wp\/v2\/product_tag?post=255"}],"curies":[{"name":"wp","href":"https:\/\/api.w.org\/{rel}","templated":true}]}}