{"id":269,"date":"2025-12-22T15:32:43","date_gmt":"2025-12-22T14:32:43","guid":{"rendered":"https:\/\/cafe-rio-lejos.com\/?post_type=product&#038;p=269"},"modified":"2026-04-05T17:47:28","modified_gmt":"2026-04-05T15:47:28","slug":"mischung-hell-gerostet","status":"publish","type":"product","link":"https:\/\/cafe-rio-lejos.com\/de\/product\/blend-light-roast\/","title":{"rendered":"Blend \u00b7 Light Roast"},"content":{"rendered":"<p>Honigs\u00fc\u00dfe und sanfte Zitrusnoten verleihen Frische und Saftigkeit, abgerundet durch einen seidigen K\u00f6rper. Ein modernes Espresso-Profil mit Klarheit und Zug\u00e4nglichkeit.<\/p>","protected":false},"excerpt":{"rendered":"<p>Hell ger\u00f6stete Espressomischung mit S\u00fc\u00dfe und Frische.<\/p>","protected":false},"featured_media":294,"template":"","meta":[],"product_brand":[],"product_cat":[33],"product_tag":[],"class_list":{"0":"post-269","1":"product","2":"type-product","3":"status-publish","4":"has-post-thumbnail","6":"product_cat-semi-lavado","8":"first","9":"instock","10":"shipping-taxable","11":"purchasable","12":"product-type-simple"},"_links":{"self":[{"href":"https:\/\/cafe-rio-lejos.com\/de\/wp-json\/wp\/v2\/product\/269","targetHints":{"allow":["GET"]}}],"collection":[{"href":"https:\/\/cafe-rio-lejos.com\/de\/wp-json\/wp\/v2\/product"}],"about":[{"href":"https:\/\/cafe-rio-lejos.com\/de\/wp-json\/wp\/v2\/types\/product"}],"version-history":[{"count":2,"href":"https:\/\/cafe-rio-lejos.com\/de\/wp-json\/wp\/v2\/product\/269\/revisions"}],"predecessor-version":[{"id":1267,"href":"https:\/\/cafe-rio-lejos.com\/de\/wp-json\/wp\/v2\/product\/269\/revisions\/1267"}],"wp:featuredmedia":[{"embeddable":true,"href":"https:\/\/cafe-rio-lejos.com\/de\/wp-json\/wp\/v2\/media\/294"}],"wp:attachment":[{"href":"https:\/\/cafe-rio-lejos.com\/de\/wp-json\/wp\/v2\/media?parent=269"}],"wp:term":[{"taxonomy":"product_brand","embeddable":true,"href":"https:\/\/cafe-rio-lejos.com\/de\/wp-json\/wp\/v2\/product_brand?post=269"},{"taxonomy":"product_cat","embeddable":true,"href":"https:\/\/cafe-rio-lejos.com\/de\/wp-json\/wp\/v2\/product_cat?post=269"},{"taxonomy":"product_tag","embeddable":true,"href":"https:\/\/cafe-rio-lejos.com\/de\/wp-json\/wp\/v2\/product_tag?post=269"}],"curies":[{"name":"wp","href":"https:\/\/api.w.org\/{rel}","templated":true}]}}