{"id":274,"date":"2025-12-22T15:27:47","date_gmt":"2025-12-22T14:27:47","guid":{"rendered":"https:\/\/cafe-rio-lejos.com\/?post_type=product&#038;p=274"},"modified":"2026-03-14T18:36:59","modified_gmt":"2026-03-14T17:36:59","slug":"arabica-hell-gerostet","status":"publish","type":"product","link":"https:\/\/cafe-rio-lejos.com\/de\/product\/arabica-light-roast\/","title":{"rendered":"Arabica \u00b7 Light Roast"},"content":{"rendered":"<p>Weich und bek\u00f6mmlich, mit Noten von Kakao, Butter und rotem Apfel. Die feine S\u00e4ure und der seidige K\u00f6rper machen ihn ideal f\u00fcr den t\u00e4glichen Kaffeegenuss.<\/p>","protected":false},"excerpt":{"rendered":"<p>Sanfter, eleganter, heller R\u00f6stgrad mit dezenter S\u00fc\u00dfe.<\/p>","protected":false},"featured_media":292,"template":"","meta":[],"product_brand":[],"product_cat":[33],"product_tag":[],"class_list":{"0":"post-274","1":"product","2":"type-product","3":"status-publish","4":"has-post-thumbnail","6":"product_cat-semi-lavado","8":"first","9":"instock","10":"shipping-taxable","11":"purchasable","12":"product-type-simple"},"_links":{"self":[{"href":"https:\/\/cafe-rio-lejos.com\/de\/wp-json\/wp\/v2\/product\/274","targetHints":{"allow":["GET"]}}],"collection":[{"href":"https:\/\/cafe-rio-lejos.com\/de\/wp-json\/wp\/v2\/product"}],"about":[{"href":"https:\/\/cafe-rio-lejos.com\/de\/wp-json\/wp\/v2\/types\/product"}],"version-history":[{"count":2,"href":"https:\/\/cafe-rio-lejos.com\/de\/wp-json\/wp\/v2\/product\/274\/revisions"}],"predecessor-version":[{"id":1269,"href":"https:\/\/cafe-rio-lejos.com\/de\/wp-json\/wp\/v2\/product\/274\/revisions\/1269"}],"wp:featuredmedia":[{"embeddable":true,"href":"https:\/\/cafe-rio-lejos.com\/de\/wp-json\/wp\/v2\/media\/292"}],"wp:attachment":[{"href":"https:\/\/cafe-rio-lejos.com\/de\/wp-json\/wp\/v2\/media?parent=274"}],"wp:term":[{"taxonomy":"product_brand","embeddable":true,"href":"https:\/\/cafe-rio-lejos.com\/de\/wp-json\/wp\/v2\/product_brand?post=274"},{"taxonomy":"product_cat","embeddable":true,"href":"https:\/\/cafe-rio-lejos.com\/de\/wp-json\/wp\/v2\/product_cat?post=274"},{"taxonomy":"product_tag","embeddable":true,"href":"https:\/\/cafe-rio-lejos.com\/de\/wp-json\/wp\/v2\/product_tag?post=274"}],"curies":[{"name":"wp","href":"https:\/\/api.w.org\/{rel}","templated":true}]}}