{"id":279,"date":"2025-12-22T16:38:18","date_gmt":"2025-12-22T15:38:18","guid":{"rendered":"https:\/\/cafe-rio-lejos.com\/?post_type=product&#038;p=279"},"modified":"2026-04-05T18:23:26","modified_gmt":"2026-04-05T16:23:26","slug":"arabica-naturlich","status":"publish","type":"product","link":"https:\/\/cafe-rio-lejos.com\/de\/product\/arabica-natural\/","title":{"rendered":"Arabica Natural"},"content":{"rendered":"<p>Schokoladens\u00fc\u00dfe vereint mit reifen Fr\u00fcchte und weinartigen Noten. Saftig, ausdrucksstark und elegant, mit lebendiger S\u00e4ure und seidiger Textur.<\/p>","protected":false},"excerpt":{"rendered":"<p>Fruchtiger und aromatischer Natural-Kaffee mit lebhaftem Charakter.<\/p>","protected":false},"featured_media":296,"template":"","meta":[],"product_brand":[],"product_cat":[34],"product_tag":[],"class_list":{"0":"post-279","1":"product","2":"type-product","3":"status-publish","4":"has-post-thumbnail","6":"product_cat-natural","8":"first","9":"instock","10":"shipping-taxable","11":"purchasable","12":"product-type-simple"},"_links":{"self":[{"href":"https:\/\/cafe-rio-lejos.com\/de\/wp-json\/wp\/v2\/product\/279","targetHints":{"allow":["GET"]}}],"collection":[{"href":"https:\/\/cafe-rio-lejos.com\/de\/wp-json\/wp\/v2\/product"}],"about":[{"href":"https:\/\/cafe-rio-lejos.com\/de\/wp-json\/wp\/v2\/types\/product"}],"version-history":[{"count":3,"href":"https:\/\/cafe-rio-lejos.com\/de\/wp-json\/wp\/v2\/product\/279\/revisions"}],"predecessor-version":[{"id":1262,"href":"https:\/\/cafe-rio-lejos.com\/de\/wp-json\/wp\/v2\/product\/279\/revisions\/1262"}],"wp:featuredmedia":[{"embeddable":true,"href":"https:\/\/cafe-rio-lejos.com\/de\/wp-json\/wp\/v2\/media\/296"}],"wp:attachment":[{"href":"https:\/\/cafe-rio-lejos.com\/de\/wp-json\/wp\/v2\/media?parent=279"}],"wp:term":[{"taxonomy":"product_brand","embeddable":true,"href":"https:\/\/cafe-rio-lejos.com\/de\/wp-json\/wp\/v2\/product_brand?post=279"},{"taxonomy":"product_cat","embeddable":true,"href":"https:\/\/cafe-rio-lejos.com\/de\/wp-json\/wp\/v2\/product_cat?post=279"},{"taxonomy":"product_tag","embeddable":true,"href":"https:\/\/cafe-rio-lejos.com\/de\/wp-json\/wp\/v2\/product_tag?post=279"}],"curies":[{"name":"wp","href":"https:\/\/api.w.org\/{rel}","templated":true}]}}