{"id":282,"date":"2025-12-23T15:20:21","date_gmt":"2025-12-23T14:20:21","guid":{"rendered":"https:\/\/cafe-rio-lejos.com\/?post_type=product&#038;p=282"},"modified":"2026-04-05T18:22:55","modified_gmt":"2026-04-05T16:22:55","slug":"catimore-naturlich","status":"publish","type":"product","link":"https:\/\/cafe-rio-lejos.com\/de\/product\/catimore-natural\/","title":{"rendered":"Catimore Natural"},"content":{"rendered":"<p>Unerwartet raffiniert, mit Noten von wei\u00dfer Schokolade und tropischen Fr\u00fcchten. Seidiger K\u00f6rper, ausgewogene S\u00e4ure und hohe Ausdruckskraft bei allen Zubereitungsmethoden.<\/p>","protected":false},"excerpt":{"rendered":"<p>Ausdrucksstarker Natural Catimore mit Tiefe und S\u00fc\u00dfe.<\/p>","protected":false},"featured_media":296,"template":"","meta":[],"product_brand":[],"product_cat":[34],"product_tag":[],"class_list":{"0":"post-282","1":"product","2":"type-product","3":"status-publish","4":"has-post-thumbnail","6":"product_cat-natural","8":"first","9":"instock","10":"shipping-taxable","11":"purchasable","12":"product-type-simple"},"_links":{"self":[{"href":"https:\/\/cafe-rio-lejos.com\/de\/wp-json\/wp\/v2\/product\/282","targetHints":{"allow":["GET"]}}],"collection":[{"href":"https:\/\/cafe-rio-lejos.com\/de\/wp-json\/wp\/v2\/product"}],"about":[{"href":"https:\/\/cafe-rio-lejos.com\/de\/wp-json\/wp\/v2\/types\/product"}],"version-history":[{"count":2,"href":"https:\/\/cafe-rio-lejos.com\/de\/wp-json\/wp\/v2\/product\/282\/revisions"}],"predecessor-version":[{"id":1260,"href":"https:\/\/cafe-rio-lejos.com\/de\/wp-json\/wp\/v2\/product\/282\/revisions\/1260"}],"wp:featuredmedia":[{"embeddable":true,"href":"https:\/\/cafe-rio-lejos.com\/de\/wp-json\/wp\/v2\/media\/296"}],"wp:attachment":[{"href":"https:\/\/cafe-rio-lejos.com\/de\/wp-json\/wp\/v2\/media?parent=282"}],"wp:term":[{"taxonomy":"product_brand","embeddable":true,"href":"https:\/\/cafe-rio-lejos.com\/de\/wp-json\/wp\/v2\/product_brand?post=282"},{"taxonomy":"product_cat","embeddable":true,"href":"https:\/\/cafe-rio-lejos.com\/de\/wp-json\/wp\/v2\/product_cat?post=282"},{"taxonomy":"product_tag","embeddable":true,"href":"https:\/\/cafe-rio-lejos.com\/de\/wp-json\/wp\/v2\/product_tag?post=282"}],"curies":[{"name":"wp","href":"https:\/\/api.w.org\/{rel}","templated":true}]}}