{"id":288,"date":"2025-12-23T15:27:58","date_gmt":"2025-12-23T14:27:58","guid":{"rendered":"https:\/\/cafe-rio-lejos.com\/?post_type=product&#038;p=288"},"modified":"2026-04-07T14:16:43","modified_gmt":"2026-04-07T12:16:43","slug":"bourbon-natural","status":"publish","type":"product","link":"https:\/\/cafe-rio-lejos.com\/de\/product\/bourbon-natural\/","title":{"rendered":"Bourbon Natural"},"content":{"rendered":"<p>Einer der ausdrucksst\u00e4rksten Kaffees von Caf\u00e9 R\u00edo Lejos. Cremige S\u00fc\u00dfe, florale Aromen und eine feine S\u00e4ure mit Noten von Gew\u00fcrzen und Rosenhonig.<\/p>","protected":false},"excerpt":{"rendered":"<p>Eleganter Bourbon Rosado Natural mit besonderer geschmacklicher Komplexit\u00e4t.<\/p>","protected":false},"featured_media":296,"template":"","meta":[],"product_brand":[],"product_cat":[34],"product_tag":[],"class_list":{"0":"post-288","1":"product","2":"type-product","3":"status-publish","4":"has-post-thumbnail","6":"product_cat-natural","8":"first","9":"instock","10":"shipping-taxable","11":"purchasable","12":"product-type-simple"},"_links":{"self":[{"href":"https:\/\/cafe-rio-lejos.com\/de\/wp-json\/wp\/v2\/product\/288","targetHints":{"allow":["GET"]}}],"collection":[{"href":"https:\/\/cafe-rio-lejos.com\/de\/wp-json\/wp\/v2\/product"}],"about":[{"href":"https:\/\/cafe-rio-lejos.com\/de\/wp-json\/wp\/v2\/types\/product"}],"version-history":[{"count":3,"href":"https:\/\/cafe-rio-lejos.com\/de\/wp-json\/wp\/v2\/product\/288\/revisions"}],"predecessor-version":[{"id":1006,"href":"https:\/\/cafe-rio-lejos.com\/de\/wp-json\/wp\/v2\/product\/288\/revisions\/1006"}],"wp:featuredmedia":[{"embeddable":true,"href":"https:\/\/cafe-rio-lejos.com\/de\/wp-json\/wp\/v2\/media\/296"}],"wp:attachment":[{"href":"https:\/\/cafe-rio-lejos.com\/de\/wp-json\/wp\/v2\/media?parent=288"}],"wp:term":[{"taxonomy":"product_brand","embeddable":true,"href":"https:\/\/cafe-rio-lejos.com\/de\/wp-json\/wp\/v2\/product_brand?post=288"},{"taxonomy":"product_cat","embeddable":true,"href":"https:\/\/cafe-rio-lejos.com\/de\/wp-json\/wp\/v2\/product_cat?post=288"},{"taxonomy":"product_tag","embeddable":true,"href":"https:\/\/cafe-rio-lejos.com\/de\/wp-json\/wp\/v2\/product_tag?post=288"}],"curies":[{"name":"wp","href":"https:\/\/api.w.org\/{rel}","templated":true}]}}