{"id":969,"date":"2025-12-22T15:58:42","date_gmt":"2025-12-22T14:58:42","guid":{"rendered":"https:\/\/cafe-rio-lejos.com\/?post_type=product&#038;p=969"},"modified":"2026-04-05T18:05:52","modified_gmt":"2026-04-05T16:05:52","slug":"forte-mittlere-rostung","status":"publish","type":"product","link":"https:\/\/cafe-rio-lejos.com\/de\/product\/forte-medium-roast\/","title":{"rendered":"Forte \u00b7 Medium Roast"},"content":{"rendered":"<p>Ein kr\u00e4ftiger und wohltuender Espresso f\u00fcr Liebhaber st\u00e4rkerer, traditioneller Aromen. Intensive Kakao- und Karamellnoten, geringe S\u00e4ure und ein langer, schokoladiger Abgang. Ausgezeichnete Crema und Struktur.<\/p>","protected":false},"excerpt":{"rendered":"<p>Kr\u00e4ftiger, mittel ger\u00f6steter Espresso mit intensivem K\u00f6rper und klassischem Charakter.<\/p>","protected":false},"featured_media":295,"template":"","meta":[],"product_brand":[],"product_cat":[33],"product_tag":[],"class_list":{"0":"post-969","1":"product","2":"type-product","3":"status-publish","4":"has-post-thumbnail","6":"product_cat-semi-lavado","8":"first","9":"instock","10":"shipping-taxable","11":"purchasable","12":"product-type-simple"},"_links":{"self":[{"href":"https:\/\/cafe-rio-lejos.com\/de\/wp-json\/wp\/v2\/product\/969","targetHints":{"allow":["GET"]}}],"collection":[{"href":"https:\/\/cafe-rio-lejos.com\/de\/wp-json\/wp\/v2\/product"}],"about":[{"href":"https:\/\/cafe-rio-lejos.com\/de\/wp-json\/wp\/v2\/types\/product"}],"version-history":[{"count":5,"href":"https:\/\/cafe-rio-lejos.com\/de\/wp-json\/wp\/v2\/product\/969\/revisions"}],"predecessor-version":[{"id":2669,"href":"https:\/\/cafe-rio-lejos.com\/de\/wp-json\/wp\/v2\/product\/969\/revisions\/2669"}],"wp:featuredmedia":[{"embeddable":true,"href":"https:\/\/cafe-rio-lejos.com\/de\/wp-json\/wp\/v2\/media\/295"}],"wp:attachment":[{"href":"https:\/\/cafe-rio-lejos.com\/de\/wp-json\/wp\/v2\/media?parent=969"}],"wp:term":[{"taxonomy":"product_brand","embeddable":true,"href":"https:\/\/cafe-rio-lejos.com\/de\/wp-json\/wp\/v2\/product_brand?post=969"},{"taxonomy":"product_cat","embeddable":true,"href":"https:\/\/cafe-rio-lejos.com\/de\/wp-json\/wp\/v2\/product_cat?post=969"},{"taxonomy":"product_tag","embeddable":true,"href":"https:\/\/cafe-rio-lejos.com\/de\/wp-json\/wp\/v2\/product_tag?post=969"}],"curies":[{"name":"wp","href":"https:\/\/api.w.org\/{rel}","templated":true}]}}