{"id":974,"date":"2025-12-22T15:29:39","date_gmt":"2025-12-22T14:29:39","guid":{"rendered":"https:\/\/cafe-rio-lejos.com\/?post_type=product&#038;p=974"},"modified":"2026-04-07T14:20:55","modified_gmt":"2026-04-07T12:20:55","slug":"arabica-mittlere-rostung","status":"publish","type":"product","link":"https:\/\/cafe-rio-lejos.com\/de\/product\/arabica-medium-roast\/","title":{"rendered":"Arabica \u00b7 Medium Roast"},"content":{"rendered":"<p>Mehr als nur eine intensive R\u00f6stnote: Dieser Kaffee besticht durch Aromen von roten Fr\u00fcchten und Zitrusfr\u00fcchten, die sich mit einer s\u00fc\u00dfen Karamellnote verbinden. Strukturiert, aromatisch und anhaltend im Geschmack.<\/p>","protected":false},"excerpt":{"rendered":"<p>Ausdrucksstarker, medium ger\u00f6steter Arabica mit lebhaften Fruchtnoten.<\/p>","protected":false},"featured_media":292,"template":"","meta":[],"product_brand":[],"product_cat":[33],"product_tag":[],"class_list":{"0":"post-974","1":"product","2":"type-product","3":"status-publish","4":"has-post-thumbnail","6":"product_cat-semi-lavado","8":"first","9":"instock","10":"shipping-taxable","11":"purchasable","12":"product-type-simple"},"_links":{"self":[{"href":"https:\/\/cafe-rio-lejos.com\/de\/wp-json\/wp\/v2\/product\/974","targetHints":{"allow":["GET"]}}],"collection":[{"href":"https:\/\/cafe-rio-lejos.com\/de\/wp-json\/wp\/v2\/product"}],"about":[{"href":"https:\/\/cafe-rio-lejos.com\/de\/wp-json\/wp\/v2\/types\/product"}],"version-history":[{"count":4,"href":"https:\/\/cafe-rio-lejos.com\/de\/wp-json\/wp\/v2\/product\/974\/revisions"}],"predecessor-version":[{"id":2667,"href":"https:\/\/cafe-rio-lejos.com\/de\/wp-json\/wp\/v2\/product\/974\/revisions\/2667"}],"wp:featuredmedia":[{"embeddable":true,"href":"https:\/\/cafe-rio-lejos.com\/de\/wp-json\/wp\/v2\/media\/292"}],"wp:attachment":[{"href":"https:\/\/cafe-rio-lejos.com\/de\/wp-json\/wp\/v2\/media?parent=974"}],"wp:term":[{"taxonomy":"product_brand","embeddable":true,"href":"https:\/\/cafe-rio-lejos.com\/de\/wp-json\/wp\/v2\/product_brand?post=974"},{"taxonomy":"product_cat","embeddable":true,"href":"https:\/\/cafe-rio-lejos.com\/de\/wp-json\/wp\/v2\/product_cat?post=974"},{"taxonomy":"product_tag","embeddable":true,"href":"https:\/\/cafe-rio-lejos.com\/de\/wp-json\/wp\/v2\/product_tag?post=974"}],"curies":[{"name":"wp","href":"https:\/\/api.w.org\/{rel}","templated":true}]}}