{"id":1423,"date":"2026-02-10T21:42:48","date_gmt":"2026-02-10T20:42:48","guid":{"rendered":"https:\/\/cafe-rio-lejos.com\/?page_id=1423"},"modified":"2026-03-14T18:59:25","modified_gmt":"2026-03-14T17:59:25","slug":"comercio-directo","status":"publish","type":"page","link":"https:\/\/cafe-rio-lejos.com\/es\/impact\/community-direct-trade\/","title":{"rendered":"Comercio comunitario y directo"},"content":{"rendered":"<h2 class=\"wp-block-heading\">El comercio directo como relaci\u00f3n a largo plazo<\/h2>\n\n\n\n<p>Hemos construido una cadena de comercio directo, transparente y confiable, que va desde la pl\u00e1ntula en la finca hasta la taza de caf\u00e9. Nos enorgullece ofrecer un producto natural que pasa por manos comprometidas en cada etapa del proceso.<\/p>\n\n\n\n<p>El comercio directo, junto con un consumo constante, brinda estabilidad a las personas que cultivan y procesan el caf\u00e9 R\u00edo Lejos. Adem\u00e1s, nos permite sostener en el tiempo nuestro trabajo en restauraci\u00f3n ecol\u00f3gica, agricultura regenerativa y la protecci\u00f3n de la reserva natural. De esta manera, el comercio directo hace posible que la responsabilidad ambiental y la sostenibilidad econ\u00f3mica avancen de la mano.<\/p>\n\n\n\n<p>Los caf\u00e9s de especialidad dependen menos de la volatilidad del mercado internacional y de din\u00e1micas de precio a corto plazo. Al vender directamente, mantenemos la transparencia y la responsabilidad en todo el proceso: desde el cultivo y el procesamiento hasta el tostado y la entrega.\n\nEste modelo conecta directamente a quienes producen el caf\u00e9 con quienes lo consumen, sin necesidad de intermediarios costosos, almacenamiento innecesario o estructuras complejas.<\/p>\n\n\n\n<h2 class=\"wp-block-heading\">Elegir Caf\u00e9 R\u00edo Lejos apoya nuestra misi\u00f3n<\/h2>\n\n\n\n<p>Ofrecemos caf\u00e9 de especialidad de origen \u00fanico, cultivado en una sola finca, a un precio justo. Los ingresos se reinvierten directamente en salarios dignos y empleo estable, en la mejora continua del cultivo, en la protecci\u00f3n del bosque y en procesos de restauraci\u00f3n ecol\u00f3gica.<\/p>\n\n\n\n<p>Evitamos las certificaciones simplificadas o los mensajes de impacto gen\u00e9ricos. En su lugar, apostamos por la transparencia, la comunicaci\u00f3n directa y un compromiso real a largo plazo con la tierra y las personas.<\/p>\n\n\n\n<h2 class=\"wp-block-heading\">Apoyando a otras fincas<\/h2>\n\n\n\n<p>En Caf\u00e9 R\u00edo Lejos, el sentido de comunidad va m\u00e1s all\u00e1 de nuestra propia finca. A trav\u00e9s de la colaboraci\u00f3n con fincas vecinas y aliados locales, compartimos experiencia, material vegetal y conocimientos pr\u00e1cticos adquiridos durante a\u00f1os de trabajo en restauraci\u00f3n.<\/p>\n\n\n\n<p>Estos intercambios ayudan a otros agricultores a restaurar tierras degradadas, a transitar hacia sistemas agroforestales y a reducir la dependencia de modelos de uso extractivo de la tierra. Fortalecer estas redes locales es esencial para la recuperaci\u00f3n a escala paisaj\u00edstica.<\/p>","protected":false},"excerpt":{"rendered":"<p>Direct trade as a long-term relationship We have built up a reliable chain of direct trade, starting with the seedling on the farm until the cup of coffee in your hand. We take responsibility and pride in offering you a clean, natural product that passed many hands collaborating in a responsible way until it reaches [&hellip;]<\/p>\n","protected":false},"author":3,"featured_media":1473,"parent":1393,"menu_order":0,"comment_status":"closed","ping_status":"closed","template":"","meta":{"footnotes":""},"class_list":["post-1423","page","type-page","status-publish","has-post-thumbnail","hentry"],"_links":{"self":[{"href":"https:\/\/cafe-rio-lejos.com\/es\/wp-json\/wp\/v2\/pages\/1423","targetHints":{"allow":["GET"]}}],"collection":[{"href":"https:\/\/cafe-rio-lejos.com\/es\/wp-json\/wp\/v2\/pages"}],"about":[{"href":"https:\/\/cafe-rio-lejos.com\/es\/wp-json\/wp\/v2\/types\/page"}],"author":[{"embeddable":true,"href":"https:\/\/cafe-rio-lejos.com\/es\/wp-json\/wp\/v2\/users\/3"}],"replies":[{"embeddable":true,"href":"https:\/\/cafe-rio-lejos.com\/es\/wp-json\/wp\/v2\/comments?post=1423"}],"version-history":[{"count":12,"href":"https:\/\/cafe-rio-lejos.com\/es\/wp-json\/wp\/v2\/pages\/1423\/revisions"}],"predecessor-version":[{"id":2502,"href":"https:\/\/cafe-rio-lejos.com\/es\/wp-json\/wp\/v2\/pages\/1423\/revisions\/2502"}],"up":[{"embeddable":true,"href":"https:\/\/cafe-rio-lejos.com\/es\/wp-json\/wp\/v2\/pages\/1393"}],"wp:featuredmedia":[{"embeddable":true,"href":"https:\/\/cafe-rio-lejos.com\/es\/wp-json\/wp\/v2\/media\/1473"}],"wp:attachment":[{"href":"https:\/\/cafe-rio-lejos.com\/es\/wp-json\/wp\/v2\/media?parent=1423"}],"curies":[{"name":"wp","href":"https:\/\/api.w.org\/{rel}","templated":true}]}}