{"id":1913,"date":"2026-03-05T14:47:21","date_gmt":"2026-03-05T13:47:21","guid":{"rendered":"https:\/\/cafe-rio-lejos.com\/?page_id=1913"},"modified":"2026-03-08T03:15:05","modified_gmt":"2026-03-08T02:15:05","slug":"aviso-legal","status":"publish","type":"page","link":"https:\/\/cafe-rio-lejos.com\/es\/legal\/impressum\/","title":{"rendered":"Informaci\u00f3n legal"},"content":{"rendered":"<p>Informaci\u00f3n conforme al \u00a75 TMG<\/p>\n\n\n\n<p>Caf\u00e9 Rio Lejos Alemania<br>Dra. Marianne Rosiny<br>Hohenhewenstr. 85<br>78224 Singen<br>Alemania<\/p>\n\n\n\n<p>Contacto<\/p>\n\n\n\n<p>Correo electr\u00f3nico: <a>info@cafe-rio-lejos.com<\/a><br>Sitio web: <a href=\"https:\/\/cafe-rio-lejos.com\/es\/\">https:\/\/cafe-rio-lejos.com<\/a><\/p>\n\n\n\n<p>Responsable del contenido seg\u00fan el art\u00edculo 55, apartado 2, de la RStV.<\/p>\n\n\n\n<p>Dra. Marianne Rosiny<br>Hohenhewenstr. 85<br>78224 Singen<br>Alemania<\/p>\n\n\n\n<h2 class=\"wp-block-heading\">Responsabilidad por el contenido<\/h2>\n\n\n\n<p>El contenido de nuestras p\u00e1ginas se ha creado con el m\u00e1ximo cuidado. Sin embargo, no podemos garantizar su exactitud, integridad ni actualidad.<\/p>\n\n\n\n<p>Como proveedor de servicios, somos responsables de nuestro propio contenido en estas p\u00e1ginas de acuerdo con la legislaci\u00f3n general, conforme al art\u00edculo 7, apartado 1, de la Ley alemana de Medios Telem\u00e1ticos (TMG). Sin embargo, seg\u00fan los art\u00edculos 8 a 10 de la TMG, no estamos obligados a supervisar la informaci\u00f3n transmitida o almacenada por terceros ni a investigar circunstancias que indiquen una actividad ilegal.<\/p>\n\n\n\n<p>Las obligaciones de eliminar o bloquear el uso de informaci\u00f3n conforme a la legislaci\u00f3n general permanecen inalteradas. Sin embargo, la responsabilidad en este sentido solo surge a partir del momento en que se tiene conocimiento de una infracci\u00f3n legal espec\u00edfica. Al tener conocimiento de dichas infracciones, eliminaremos el contenido de inmediato.<\/p>\n\n\n\n<h2 class=\"wp-block-heading\">Responsabilidad por los enlaces<\/h2>\n\n\n\n<p>Nuestro sitio web contiene enlaces a sitios web externos de terceros sobre cuyo contenido no tenemos control. Por lo tanto, no podemos asumir ninguna responsabilidad por dichos contenidos externos.<\/p>\n\n\n\n<p>El proveedor u operador de las p\u00e1ginas enlazadas es siempre responsable de su contenido. En el momento de la creaci\u00f3n del enlace, se verific\u00f3 que las p\u00e1ginas enlazadas no infringieran ninguna ley. No se detect\u00f3 ning\u00fan contenido ilegal en ese momento.<\/p>\n\n\n\n<p>No es razonable realizar un seguimiento permanente del contenido de las p\u00e1ginas enlazadas sin pruebas concretas de una infracci\u00f3n legal. Si detectamos alguna infracci\u00f3n, eliminaremos dichos enlaces de inmediato.<\/p>\n\n\n\n<h2 class=\"wp-block-heading\">Derechos de autor<\/h2>\n\n\n\n<p>El contenido y las obras creadas por los operadores del sitio en estas p\u00e1ginas est\u00e1n sujetos a la legislaci\u00f3n alemana de derechos de autor.<\/p>\n\n\n\n<p>La duplicaci\u00f3n, el procesamiento, la distribuci\u00f3n y cualquier tipo de uso fuera de los l\u00edmites de la ley de derechos de autor requieren el consentimiento por escrito del autor o creador correspondiente.<\/p>\n\n\n\n<p>Las descargas y copias de este sitio est\u00e1n permitidas \u00fanicamente para uso privado y no comercial.<\/p>\n\n\n\n<p>En la medida en que el contenido de este sitio no haya sido creado por el operador, se respetan los derechos de autor de terceros. El contenido de terceros se identifica como tal.<\/p>\n\n\n\n<p>Si, a pesar de ello, detecta alguna infracci\u00f3n de derechos de autor, le rogamos que nos lo comunique. En cuanto tengamos conocimiento de cualquier infracci\u00f3n legal, eliminaremos dicho contenido de inmediato.<\/p>","protected":false},"excerpt":{"rendered":"<p>Information according to \u00a75 TMG Cafe Rio Lejos DeutschlandDr. Marianne RosinyHohenhewenstr. 8578224 SingenGermany Contact Email: info@cafe-rio-lejos.comWebsite: https:\/\/cafe-rio-lejos.com Responsible for content according to \u00a755 Abs. 2 RStV Dr. Marianne RosinyHohenhewenstr. 8578224 SingenGermany Liability for Content The contents of our pages have been created with the greatest care. However, we cannot guarantee the accuracy, completeness or timeliness [&hellip;]<\/p>\n","protected":false},"author":2,"featured_media":0,"parent":113,"menu_order":0,"comment_status":"closed","ping_status":"closed","template":"","meta":{"footnotes":""},"class_list":["post-1913","page","type-page","status-publish","hentry"],"_links":{"self":[{"href":"https:\/\/cafe-rio-lejos.com\/es\/wp-json\/wp\/v2\/pages\/1913","targetHints":{"allow":["GET"]}}],"collection":[{"href":"https:\/\/cafe-rio-lejos.com\/es\/wp-json\/wp\/v2\/pages"}],"about":[{"href":"https:\/\/cafe-rio-lejos.com\/es\/wp-json\/wp\/v2\/types\/page"}],"author":[{"embeddable":true,"href":"https:\/\/cafe-rio-lejos.com\/es\/wp-json\/wp\/v2\/users\/2"}],"replies":[{"embeddable":true,"href":"https:\/\/cafe-rio-lejos.com\/es\/wp-json\/wp\/v2\/comments?post=1913"}],"version-history":[{"count":1,"href":"https:\/\/cafe-rio-lejos.com\/es\/wp-json\/wp\/v2\/pages\/1913\/revisions"}],"predecessor-version":[{"id":1914,"href":"https:\/\/cafe-rio-lejos.com\/es\/wp-json\/wp\/v2\/pages\/1913\/revisions\/1914"}],"up":[{"embeddable":true,"href":"https:\/\/cafe-rio-lejos.com\/es\/wp-json\/wp\/v2\/pages\/113"}],"wp:attachment":[{"href":"https:\/\/cafe-rio-lejos.com\/es\/wp-json\/wp\/v2\/media?parent=1913"}],"curies":[{"name":"wp","href":"https:\/\/api.w.org\/{rel}","templated":true}]}}