{"id":1915,"date":"2026-03-05T14:52:08","date_gmt":"2026-03-05T13:52:08","guid":{"rendered":"https:\/\/cafe-rio-lejos.com\/?page_id=1915"},"modified":"2026-03-08T03:44:34","modified_gmt":"2026-03-08T02:44:34","slug":"politica-de-devoluciones","status":"publish","type":"page","link":"https:\/\/cafe-rio-lejos.com\/es\/legal\/withdrawal-policy\/","title":{"rendered":"Pol\u00edtica de retiro"},"content":{"rendered":"<h2 class=\"wp-block-heading\">Derecho de desistimiento<\/h2>\n\n\n\n<p>Los consumidores tienen derecho a desistir de este contrato en un plazo de catorce d\u00edas sin necesidad de justificar su decisi\u00f3n.<\/p>\n\n\n\n<p>El plazo de desistimiento es de catorce d\u00edas a partir del d\u00eda en que usted, o un tercero designado por usted que no sea el transportista, tome posesi\u00f3n de la mercanc\u00eda.<\/p>\n\n\n\n<p>Para ejercer su derecho de desistimiento, debe informarnos:<\/p>\n\n\n\n<p>Caf\u00e9 Rio Lejos Alemania<br>Dra. Marianne Rosiny<br>Hohenhewenstr. 85<br>78224 Singen<br>Alemania<\/p>\n\n\n\n<p>Correo electr\u00f3nico: <a>info@cafe-rio-lejos.com<\/a><\/p>\n\n\n\n<p>Mediante una declaraci\u00f3n clara (por ejemplo, por correo electr\u00f3nico o carta) de su decisi\u00f3n de desistir de este contrato. Puede utilizar el formulario de desistimiento que aparece a continuaci\u00f3n, aunque no es obligatorio.<\/p>\n\n\n\n<p>Para cumplir con el plazo de desistimiento, basta con que env\u00ede su comunicaci\u00f3n relativa al ejercicio de su derecho de desistimiento antes de que expire dicho plazo.<\/p>\n\n\n\n<h2 class=\"wp-block-heading\">Efectos de la abstinencia<\/h2>\n\n\n\n<p>Si usted desiste de este contrato, le reembolsaremos todos los pagos recibidos, incluidos los gastos de env\u00edo (a excepci\u00f3n de los costes adicionales derivados de la elecci\u00f3n de un m\u00e9todo de env\u00edo distinto al env\u00edo est\u00e1ndar m\u00e1s econ\u00f3mico que ofrecemos), sin demora indebida y en un plazo m\u00e1ximo de catorce d\u00edas a partir del d\u00eda en que se nos informe de su decisi\u00f3n de desistir de este contrato.<\/p>\n\n\n\n<p>El reembolso se realizar\u00e1 mediante el mismo m\u00e9todo de pago que utiliz\u00f3 para la transacci\u00f3n original (normalmente transferencia bancaria), salvo que haya acordado expresamente lo contrario. En cualquier caso, no se le cobrar\u00e1 ninguna comisi\u00f3n por dicho reembolso.<\/p>\n\n\n\n<p>Podemos retener el reembolso hasta que hayamos recibido los productos o hasta que usted haya proporcionado una prueba de que los ha devuelto, lo que ocurra primero.<\/p>\n\n\n\n<p>Deber\u00e1 devolvernos o entregarnos la mercanc\u00eda sin demora indebida y, en cualquier caso, en un plazo m\u00e1ximo de catorce d\u00edas a partir del d\u00eda en que nos comunique su desistimiento del presente contrato.<\/p>\n\n\n\n<p>Se cumple el plazo si devuelve la mercanc\u00eda antes de que transcurran catorce d\u00edas.<\/p>\n\n\n\n<p>Usted correr\u00e1 con los gastos directos de la devoluci\u00f3n de la mercanc\u00eda.<\/p>\n\n\n\n<h2 class=\"wp-block-heading\">Excepciones al derecho de desistimiento<\/h2>\n\n\n\n<p>El derecho de desistimiento no se aplica, o caduca anticipadamente, en los contratos de suministro de bienes precintados que no sean aptos para su devoluci\u00f3n por motivos de protecci\u00f3n de la salud o higiene si se ha retirado el precinto tras la entrega.<\/p>\n\n\n\n<h2 class=\"wp-block-heading\">Formulario de desistimiento (modelo)<\/h2>\n\n\n\n<p>Si desea rescindir el contrato, complete este formulario y devu\u00e9lvalo.<\/p>\n\n\n\n<p>A:<br>Caf\u00e9 Rio Lejos Alemania<br>Dra. Marianne Rosiny<br>Hohenhewenstr. 85<br>78224 Singen<br>Alemania<\/p>\n\n\n\n<p>Correo electr\u00f3nico: <a>info@cafe-rio-lejos.com<\/a><\/p>\n\n\n\n<p>Por la presente, yo\/nosotros desistimos del contrato celebrado por m\u00ed\/nosotros para la compra de los siguientes bienes:<\/p>\n\n\n\n<p>Pedido realizado el \/ recibido el:<\/p>\n\n\n\n<p>Nombre del\/de los consumidor(es):<\/p>\n\n\n\n<p>Direcci\u00f3n del\/de los consumidor(es):<\/p>\n\n\n\n<p>Firma del\/de los consumidor\/es (solo si este formulario se presenta en papel):<\/p>\n\n\n\n<p>Fecha:<\/p>","protected":false},"excerpt":{"rendered":"<p>Right of Withdrawal Consumers have the right to withdraw from this contract within fourteen days without giving any reason. The withdrawal period is fourteen days from the day on which you, or a third party named by you who is not the carrier, have taken possession of the goods. To exercise your right of withdrawal, [&hellip;]<\/p>\n","protected":false},"author":2,"featured_media":0,"parent":113,"menu_order":0,"comment_status":"closed","ping_status":"closed","template":"","meta":{"footnotes":""},"class_list":["post-1915","page","type-page","status-publish","hentry"],"_links":{"self":[{"href":"https:\/\/cafe-rio-lejos.com\/es\/wp-json\/wp\/v2\/pages\/1915","targetHints":{"allow":["GET"]}}],"collection":[{"href":"https:\/\/cafe-rio-lejos.com\/es\/wp-json\/wp\/v2\/pages"}],"about":[{"href":"https:\/\/cafe-rio-lejos.com\/es\/wp-json\/wp\/v2\/types\/page"}],"author":[{"embeddable":true,"href":"https:\/\/cafe-rio-lejos.com\/es\/wp-json\/wp\/v2\/users\/2"}],"replies":[{"embeddable":true,"href":"https:\/\/cafe-rio-lejos.com\/es\/wp-json\/wp\/v2\/comments?post=1915"}],"version-history":[{"count":1,"href":"https:\/\/cafe-rio-lejos.com\/es\/wp-json\/wp\/v2\/pages\/1915\/revisions"}],"predecessor-version":[{"id":1916,"href":"https:\/\/cafe-rio-lejos.com\/es\/wp-json\/wp\/v2\/pages\/1915\/revisions\/1916"}],"up":[{"embeddable":true,"href":"https:\/\/cafe-rio-lejos.com\/es\/wp-json\/wp\/v2\/pages\/113"}],"wp:attachment":[{"href":"https:\/\/cafe-rio-lejos.com\/es\/wp-json\/wp\/v2\/media?parent=1915"}],"curies":[{"name":"wp","href":"https:\/\/api.w.org\/{rel}","templated":true}]}}