{"id":1919,"date":"2026-03-05T14:54:45","date_gmt":"2026-03-05T13:54:45","guid":{"rendered":"https:\/\/cafe-rio-lejos.com\/?page_id=1919"},"modified":"2026-03-08T03:19:24","modified_gmt":"2026-03-08T02:19:24","slug":"politica-de-preventa","status":"publish","type":"page","link":"https:\/\/cafe-rio-lejos.com\/es\/legal\/pre-order-policy\/","title":{"rendered":"Pol\u00edtica de pedidos anticipados"},"content":{"rendered":"<p>\u00daltima actualizaci\u00f3n: 2026<\/p>\n\n\n\n<h2 class=\"wp-block-heading\">\u00bfQu\u00e9 es una reserva?<\/h2>\n\n\n\n<p>Algunos caf\u00e9s ofrecidos por Caf\u00e9 R\u00edo Lejos est\u00e1n disponibles a trav\u00e9s de un <strong>sistema de preorden<\/strong>.<\/p>\n\n\n\n<p>Un pedido anticipado permite a los clientes reservar caf\u00e9. <strong>antes de que llegue a Europa<\/strong>. Muchos de nuestros caf\u00e9s se cosechan, procesan y preparan para la exportaci\u00f3n en Colombia antes de ser enviados internacionalmente.<\/p>\n\n\n\n<p>Debido a este modelo de abastecimiento directo, es posible que el caf\u00e9 a\u00fan se encuentre en origen cuando se env\u00ede una solicitud de preorden.<\/p>\n\n\n\n<p>Los pedidos anticipados nos ayudan a garantizar la frescura, reducir el desperdicio y planificar los env\u00edos de forma responsable.<\/p>\n\n\n\n<h2 class=\"wp-block-heading\">C\u00f3mo funciona el proceso de reserva anticipada<\/h2>\n\n\n\n<p>El proceso de reserva anticipada se desarrolla en varias etapas.<\/p>\n\n\n\n<p>Primero, el cliente selecciona el caf\u00e9 deseado y env\u00eda un <strong>solicitud de preorden<\/strong> a trav\u00e9s del sitio web.<\/p>\n\n\n\n<p>En esta etapa, se le pide al cliente que proporcione informaci\u00f3n de contacto, incluyendo nombre, direcci\u00f3n de correo electr\u00f3nico, n\u00famero de tel\u00e9fono y direcci\u00f3n de entrega.<\/p>\n\n\n\n<p>Enviar una solicitud de preorden no <strong>no constituye un contrato de compra vinculante<\/strong>.<\/p>\n\n\n\n<p>Tras recibir la solicitud, Caf\u00e9 R\u00edo Lejos revisa la disponibilidad del caf\u00e9 en funci\u00f3n de los niveles de existencias y la log\u00edstica de env\u00edo.<\/p>\n\n\n\n<p>El cliente recibir\u00e1 entonces un <strong>confirmaci\u00f3n por correo electr\u00f3nico<\/strong> incluido:<\/p>\n\n\n\n<p>confirmaci\u00f3n de disponibilidad del producto<br>plazo de entrega estimado<br>gastos de env\u00edo<br>Instrucciones de pago<\/p>\n\n\n\n<p>El contrato de compraventa solo se formaliza una vez que el cliente confirma el pedido y realiza el pago mediante transferencia bancaria.<\/p>\n\n\n\n<h2 class=\"wp-block-heading\">Tiempos de entrega estimados<\/h2>\n\n\n\n<p>Debido a que el caf\u00e9 se obtiene directamente de Colombia y se env\u00eda internacionalmente, los plazos de entrega pueden variar.<\/p>\n\n\n\n<p>Los plazos de entrega t\u00edpicos oscilan entre <strong>1 y 5 meses<\/strong>, Dependiendo de:<\/p>\n\n\n\n<p>ciclos de cosecha<br>Procesamiento y preparaci\u00f3n del caf\u00e9<br>log\u00edstica de exportaci\u00f3n<br>env\u00edos internacionales<br>despacho de aduanas en Europa<br>distribuci\u00f3n local<\/p>\n\n\n\n<p>El plazo de entrega estimado siempre se comunicar\u00e1. <strong>antes de que se solicite el pago<\/strong>.<\/p>\n\n\n\n<h2 class=\"wp-block-heading\">Pago<\/h2>\n\n\n\n<p>Se solicita el pago <strong>solo despu\u00e9s de que se haya confirmado la disponibilidad del producto.<\/strong>.<\/p>\n\n\n\n<p>Los clientes recibir\u00e1n las instrucciones de pago por correo electr\u00f3nico.<\/p>\n\n\n\n<p>Actualmente se aceptan pagos a trav\u00e9s de <strong>transferencia bancaria<\/strong>.<\/p>\n\n\n\n<p>Los pedidos se procesar\u00e1n una vez recibido el pago.<\/p>\n\n\n\n<h2 class=\"wp-block-heading\">Cambios en la disponibilidad<\/h2>\n\n\n\n<p>El caf\u00e9 es un producto agr\u00edcola y su disponibilidad puede variar en ocasiones debido a factores como:<\/p>\n\n\n\n<p>variaciones de cosecha<br>resultados del control de calidad<br>restricciones a la exportaci\u00f3n<br>interrupciones log\u00edsticas<\/p>\n\n\n\n<p>Si un caf\u00e9 deja de estar disponible despu\u00e9s de que se haya enviado una solicitud de preorden, Caf\u00e9 R\u00edo Lejos informar\u00e1 al cliente y no se le solicitar\u00e1 ning\u00fan pago.<\/p>\n\n\n\n<p>Si la disponibilidad cambia despu\u00e9s de haber realizado el pago, se ofrecer\u00e1 a los clientes una de las siguientes opciones:<\/p>\n\n\n\n<p>un reembolso completo o<br>un caf\u00e9 alternativo de calidad y precio similares.<\/p>\n\n\n\n<h2 class=\"wp-block-heading\">Transparencia y comunicaci\u00f3n<\/h2>\n\n\n\n<p>Creemos en la transparencia y mantendremos a los clientes informados durante todo el proceso siempre que sea posible.<\/p>\n\n\n\n<p>Si se producen retrasos importantes debido al env\u00edo, la aduana o la log\u00edstica, notificaremos a los clientes y les proporcionaremos informaci\u00f3n actualizada sobre la entrega.<\/p>\n\n\n\n<h2 class=\"wp-block-heading\">Contacto<\/h2>\n\n\n\n<p>Si tiene alguna pregunta sobre los pedidos anticipados, p\u00f3ngase en contacto con nosotros en:<\/p>\n\n\n\n<p><a>info@cafe-rio-lejos.com<\/a><\/p>","protected":false},"excerpt":{"rendered":"<p>Last updated: 2026 What is a Preorder Some coffees offered by Caf\u00e9 R\u00edo Lejos are available through a preorder system. A preorder allows customers to reserve coffee before it arrives in Europe. Many of our coffees are harvested, processed and prepared for export in Colombia before being shipped internationally. Because of this direct sourcing model, [&hellip;]<\/p>\n","protected":false},"author":2,"featured_media":0,"parent":113,"menu_order":0,"comment_status":"closed","ping_status":"closed","template":"","meta":{"footnotes":""},"class_list":["post-1919","page","type-page","status-publish","hentry"],"_links":{"self":[{"href":"https:\/\/cafe-rio-lejos.com\/es\/wp-json\/wp\/v2\/pages\/1919","targetHints":{"allow":["GET"]}}],"collection":[{"href":"https:\/\/cafe-rio-lejos.com\/es\/wp-json\/wp\/v2\/pages"}],"about":[{"href":"https:\/\/cafe-rio-lejos.com\/es\/wp-json\/wp\/v2\/types\/page"}],"author":[{"embeddable":true,"href":"https:\/\/cafe-rio-lejos.com\/es\/wp-json\/wp\/v2\/users\/2"}],"replies":[{"embeddable":true,"href":"https:\/\/cafe-rio-lejos.com\/es\/wp-json\/wp\/v2\/comments?post=1919"}],"version-history":[{"count":2,"href":"https:\/\/cafe-rio-lejos.com\/es\/wp-json\/wp\/v2\/pages\/1919\/revisions"}],"predecessor-version":[{"id":2289,"href":"https:\/\/cafe-rio-lejos.com\/es\/wp-json\/wp\/v2\/pages\/1919\/revisions\/2289"}],"up":[{"embeddable":true,"href":"https:\/\/cafe-rio-lejos.com\/es\/wp-json\/wp\/v2\/pages\/113"}],"wp:attachment":[{"href":"https:\/\/cafe-rio-lejos.com\/es\/wp-json\/wp\/v2\/media?parent=1919"}],"curies":[{"name":"wp","href":"https:\/\/api.w.org\/{rel}","templated":true}]}}