{"id":984,"date":"2025-12-22T15:34:03","date_gmt":"2025-12-22T14:34:03","guid":{"rendered":"https:\/\/cafe-rio-lejos.com\/?post_type=product&#038;p=984"},"modified":"2026-04-05T17:48:22","modified_gmt":"2026-04-05T15:48:22","slug":"mezcla-de-tueste-medio","status":"publish","type":"product","link":"https:\/\/cafe-rio-lejos.com\/es\/product\/blend-medium-roast\/","title":{"rendered":"Blend \u00b7 Tostado medio"},"content":{"rendered":"<p>Su dulzor achocolatado, su cuerpo equilibrado y su baja acidez dan como resultado un espresso consistente y reconfortante. Est\u00e1 dise\u00f1ado para ofrecer estabilidad en taza, especialmente en bebidas con leche y en m\u00e1quinas autom\u00e1ticas.<\/p>","protected":false},"excerpt":{"rendered":"<p>Mezcla para espresso de tostado medio, suave, equilibrada y con buena profundidad.<\/p>","protected":false},"featured_media":294,"template":"","meta":[],"product_brand":[],"product_cat":[33],"product_tag":[],"class_list":{"0":"post-984","1":"product","2":"type-product","3":"status-publish","4":"has-post-thumbnail","6":"product_cat-semi-lavado","8":"first","9":"instock","10":"shipping-taxable","11":"purchasable","12":"product-type-simple"},"_links":{"self":[{"href":"https:\/\/cafe-rio-lejos.com\/es\/wp-json\/wp\/v2\/product\/984","targetHints":{"allow":["GET"]}}],"collection":[{"href":"https:\/\/cafe-rio-lejos.com\/es\/wp-json\/wp\/v2\/product"}],"about":[{"href":"https:\/\/cafe-rio-lejos.com\/es\/wp-json\/wp\/v2\/types\/product"}],"version-history":[{"count":2,"href":"https:\/\/cafe-rio-lejos.com\/es\/wp-json\/wp\/v2\/product\/984\/revisions"}],"predecessor-version":[{"id":1266,"href":"https:\/\/cafe-rio-lejos.com\/es\/wp-json\/wp\/v2\/product\/984\/revisions\/1266"}],"wp:featuredmedia":[{"embeddable":true,"href":"https:\/\/cafe-rio-lejos.com\/es\/wp-json\/wp\/v2\/media\/294"}],"wp:attachment":[{"href":"https:\/\/cafe-rio-lejos.com\/es\/wp-json\/wp\/v2\/media?parent=984"}],"wp:term":[{"taxonomy":"product_brand","embeddable":true,"href":"https:\/\/cafe-rio-lejos.com\/es\/wp-json\/wp\/v2\/product_brand?post=984"},{"taxonomy":"product_cat","embeddable":true,"href":"https:\/\/cafe-rio-lejos.com\/es\/wp-json\/wp\/v2\/product_cat?post=984"},{"taxonomy":"product_tag","embeddable":true,"href":"https:\/\/cafe-rio-lejos.com\/es\/wp-json\/wp\/v2\/product_tag?post=984"}],"curies":[{"name":"wp","href":"https:\/\/api.w.org\/{rel}","templated":true}]}}